{"id":2565,"date":"2014-10-27T04:38:01","date_gmt":"2014-10-27T08:38:01","guid":{"rendered":"https:\/\/scmotosportbrownsburg.com\/tohatsu\/"},"modified":"2025-01-21T15:33:37","modified_gmt":"2025-01-21T20:33:37","slug":"tohatsu","status":"publish","type":"page","link":"https:\/\/scmotosportbrownsburg.com\/fr\/tohatsu\/","title":{"rendered":"TOHATSU"},"content":{"rendered":"\n<h1 class=\"wp-block-heading\">Moteurs hors-bord Tohatsu<\/h1>\n\n\n\n<hr class=\"wp-block-separator has-alpha-channel-opacity\"\/>\n\n\n<div class=\"one-half first\">\n<p>Vous recherchez un moteur hors-bord flexible et fiable qui vous permettra de naviguer sur le lac ou de vous rendre \u00e0 votre lieu de p\u00eache pr\u00e9f\u00e9r\u00e9 ? Les moteurs hors-bord Tohatsu sont exactement ce que vous recherchez.<\/p>\n<p>Tohatsu vise \u00e0 offrir une exp\u00e9rience de navigation ultime en fournissant des moteurs hors-bord simples, faciles \u00e0 utiliser et d&rsquo;une qualit\u00e9 exceptionnelle. Arr\u00eatez-vous au magasin de Brownsburg sur le chemin du chalet et voyez ce que nous avons en stock. Nous sommes sp\u00e9cialis\u00e9s dans les moteurs de 2,5 \u00e0 50 chevaux, mais nous acceptons \u00e9galement les commandes sp\u00e9ciales pour des mod\u00e8les plus puissants.<\/p>\n<\/div>\n\n\n<div class=\"one-half\">\n<p><img loading=\"lazy\" decoding=\"async\" class=\"aligncenter wp-image-1059\" src=\"https:\/\/scmotosportbrownsburg.com\/wp-content\/uploads\/2019\/09\/Screen-Shot-2019-09-10-at-3.30.57-PM-242x300.png\" alt=\"\" width=\"172\" height=\"213\" srcset=\"https:\/\/scmotosportbrownsburg.com\/wp-content\/uploads\/2019\/09\/Screen-Shot-2019-09-10-at-3.30.57-PM-242x300.png 242w, https:\/\/scmotosportbrownsburg.com\/wp-content\/uploads\/2019\/09\/Screen-Shot-2019-09-10-at-3.30.57-PM.png 270w\" sizes=\"(max-width: 172px) 100vw, 172px\" \/><\/p>\n<\/div>\n\n\n<div class=\"wp-block-image\">\n<figure class=\"aligncenter\"><img loading=\"lazy\" decoding=\"async\" width=\"737\" height=\"350\" src=\"https:\/\/scmotosportbrownsburg.com\/wp-content\/uploads\/2021\/11\/tohatsu-resized.jpg\" alt=\"\" class=\"wp-image-1548\" srcset=\"https:\/\/scmotosportbrownsburg.com\/wp-content\/uploads\/2021\/11\/tohatsu-resized.jpg 737w, https:\/\/scmotosportbrownsburg.com\/wp-content\/uploads\/2021\/11\/tohatsu-resized-300x142.jpg 300w\" sizes=\"(max-width: 737px) 100vw, 737px\" \/><\/figure><\/div>\n\n\n<p><\/p>\n\n\n\n<h3 class=\"wp-block-heading\">&nbsp;<\/h3>\n\n\n\n<h3 class=\"wp-block-heading\"><span style=\"color: black;\">3,5 \u00e0 60 HP Mod\u00e8les \u00e0 arbre court et \u00e0 arbre long avec d\u00e9marrage \u00e9lectrique <\/span><\/h3>\n\n\n\n<h3 class=\"wp-block-heading\"><span style=\"color: black;\"><span style=\"color: #ff0000;\">EN STOCK<\/span><\/span><\/h3>\n\n\n\n<p>&nbsp;<\/p>\n\n\n<div class=\"one-third first\">\n\n\n<div class=\"wp-block-image\">\n<figure class=\"aligncenter\"><a href=\"https:\/\/www.tohatsu.com\/marine\/na\/outboards\/3_5_4st_1.html\" rel=\"noopener noreferrer\"><img loading=\"lazy\" decoding=\"async\" width=\"300\" height=\"300\" src=\"https:\/\/scmotosportbrownsburg.com\/wp-content\/uploads\/2023\/02\/sc-MFS3.5c-300x300.png\" alt=\"\" class=\"wp-image-1696\" srcset=\"https:\/\/scmotosportbrownsburg.com\/wp-content\/uploads\/2023\/02\/sc-MFS3.5c-300x300.png 300w, https:\/\/scmotosportbrownsburg.com\/wp-content\/uploads\/2023\/02\/sc-MFS3.5c-1024x1024.png 1024w, https:\/\/scmotosportbrownsburg.com\/wp-content\/uploads\/2023\/02\/sc-MFS3.5c-150x150.png 150w, https:\/\/scmotosportbrownsburg.com\/wp-content\/uploads\/2023\/02\/sc-MFS3.5c-768x768.png 768w, https:\/\/scmotosportbrownsburg.com\/wp-content\/uploads\/2023\/02\/sc-MFS3.5c-1536x1536.png 1536w, https:\/\/scmotosportbrownsburg.com\/wp-content\/uploads\/2023\/02\/sc-MFS3.5c-2048x2048.png 2048w, https:\/\/scmotosportbrownsburg.com\/wp-content\/uploads\/2023\/02\/sc-MFS3.5c-75x75.png 75w\" sizes=\"(max-width: 300px) 100vw, 300px\" \/><\/a><figcaption class=\"wp-element-caption\">MFS 3.5C<\/figcaption><\/figure><\/div>\n\n\n<\/div><div class=\"one-third\">\n\n\n<div class=\"wp-block-image\">\n<figure class=\"aligncenter\"><a href=\"https:\/\/www.tohatsu.com\/marine\/na\/outboards\/6_4st_1.html\" rel=\"noopener noreferrer\"><img loading=\"lazy\" decoding=\"async\" width=\"300\" height=\"300\" src=\"https:\/\/scmotosportbrownsburg.com\/wp-content\/uploads\/2023\/02\/sc-MFS6DWInternalTank-300x300.png\" alt=\"\" class=\"wp-image-1695\" srcset=\"https:\/\/scmotosportbrownsburg.com\/wp-content\/uploads\/2023\/02\/sc-MFS6DWInternalTank-300x300.png 300w, https:\/\/scmotosportbrownsburg.com\/wp-content\/uploads\/2023\/02\/sc-MFS6DWInternalTank-1024x1024.png 1024w, https:\/\/scmotosportbrownsburg.com\/wp-content\/uploads\/2023\/02\/sc-MFS6DWInternalTank-150x150.png 150w, https:\/\/scmotosportbrownsburg.com\/wp-content\/uploads\/2023\/02\/sc-MFS6DWInternalTank-768x768.png 768w, https:\/\/scmotosportbrownsburg.com\/wp-content\/uploads\/2023\/02\/sc-MFS6DWInternalTank-1536x1536.png 1536w, https:\/\/scmotosportbrownsburg.com\/wp-content\/uploads\/2023\/02\/sc-MFS6DWInternalTank-2048x2048.png 2048w, https:\/\/scmotosportbrownsburg.com\/wp-content\/uploads\/2023\/02\/sc-MFS6DWInternalTank-75x75.png 75w\" sizes=\"(max-width: 300px) 100vw, 300px\" \/><\/a><figcaption class=\"wp-element-caption\">MFS 6D<\/figcaption><\/figure><\/div>\n\n\n<\/div><div class=\"one-third\">\n\n\n<div class=\"wp-block-image\">\n<figure class=\"aligncenter\"><a href=\"https:\/\/www.tohatsu.com\/marine\/na\/outboards\/9_8_4st.html\" rel=\"noopener noreferrer\"><img loading=\"lazy\" decoding=\"async\" width=\"300\" height=\"300\" src=\"https:\/\/scmotosportbrownsburg.com\/wp-content\/uploads\/2023\/02\/sc-MFS9.8-816x1024-1-300x300.png\" alt=\"\" class=\"wp-image-1697\" srcset=\"https:\/\/scmotosportbrownsburg.com\/wp-content\/uploads\/2023\/02\/sc-MFS9.8-816x1024-1-300x300.png 300w, https:\/\/scmotosportbrownsburg.com\/wp-content\/uploads\/2023\/02\/sc-MFS9.8-816x1024-1-1024x1024.png 1024w, https:\/\/scmotosportbrownsburg.com\/wp-content\/uploads\/2023\/02\/sc-MFS9.8-816x1024-1-150x150.png 150w, https:\/\/scmotosportbrownsburg.com\/wp-content\/uploads\/2023\/02\/sc-MFS9.8-816x1024-1-768x768.png 768w, https:\/\/scmotosportbrownsburg.com\/wp-content\/uploads\/2023\/02\/sc-MFS9.8-816x1024-1-75x75.png 75w, https:\/\/scmotosportbrownsburg.com\/wp-content\/uploads\/2023\/02\/sc-MFS9.8-816x1024-1.png 1441w\" sizes=\"(max-width: 300px) 100vw, 300px\" \/><\/a><figcaption class=\"wp-element-caption\">MFS 9.8 B<\/figcaption><\/figure><\/div>\n\n\n<\/div><div class=\"one-third first\">\n\n\n<div class=\"wp-block-image\">\n<figure class=\"aligncenter\"><a href=\"https:\/\/www.tohatsu.com\/marine\/na\/outboards\/15_4st.html\" rel=\"noopener noreferrer\"><img loading=\"lazy\" decoding=\"async\" width=\"300\" height=\"300\" src=\"https:\/\/scmotosportbrownsburg.com\/wp-content\/uploads\/2023\/02\/sc-MFS15ETiller-300x300.png\" alt=\"\" class=\"wp-image-1694\" srcset=\"https:\/\/scmotosportbrownsburg.com\/wp-content\/uploads\/2023\/02\/sc-MFS15ETiller-300x300.png 300w, https:\/\/scmotosportbrownsburg.com\/wp-content\/uploads\/2023\/02\/sc-MFS15ETiller-1024x1024.png 1024w, https:\/\/scmotosportbrownsburg.com\/wp-content\/uploads\/2023\/02\/sc-MFS15ETiller-150x150.png 150w, https:\/\/scmotosportbrownsburg.com\/wp-content\/uploads\/2023\/02\/sc-MFS15ETiller-768x768.png 768w, https:\/\/scmotosportbrownsburg.com\/wp-content\/uploads\/2023\/02\/sc-MFS15ETiller-1536x1536.png 1536w, https:\/\/scmotosportbrownsburg.com\/wp-content\/uploads\/2023\/02\/sc-MFS15ETiller-2048x2048.png 2048w, https:\/\/scmotosportbrownsburg.com\/wp-content\/uploads\/2023\/02\/sc-MFS15ETiller-75x75.png 75w\" sizes=\"(max-width: 300px) 100vw, 300px\" \/><\/a><figcaption class=\"wp-element-caption\">MFS 15E<\/figcaption><\/figure><\/div>\n\n\n<\/div><div class=\"one-third\">\n\n\n<div class=\"wp-block-image\">\n<figure class=\"aligncenter\"><a href=\"https:\/\/www.tohatsu.com\/marine\/na\/outboards\/20_4st.html\" rel=\"noopener noreferrer\"><img loading=\"lazy\" decoding=\"async\" width=\"300\" height=\"300\" src=\"https:\/\/scmotosportbrownsburg.com\/wp-content\/uploads\/2023\/02\/sc-MFS20ETiller-300x300.png\" alt=\"\" class=\"wp-image-1693\" srcset=\"https:\/\/scmotosportbrownsburg.com\/wp-content\/uploads\/2023\/02\/sc-MFS20ETiller-300x300.png 300w, https:\/\/scmotosportbrownsburg.com\/wp-content\/uploads\/2023\/02\/sc-MFS20ETiller-1024x1024.png 1024w, https:\/\/scmotosportbrownsburg.com\/wp-content\/uploads\/2023\/02\/sc-MFS20ETiller-150x150.png 150w, https:\/\/scmotosportbrownsburg.com\/wp-content\/uploads\/2023\/02\/sc-MFS20ETiller-768x768.png 768w, https:\/\/scmotosportbrownsburg.com\/wp-content\/uploads\/2023\/02\/sc-MFS20ETiller-1536x1536.png 1536w, https:\/\/scmotosportbrownsburg.com\/wp-content\/uploads\/2023\/02\/sc-MFS20ETiller-2048x2048.png 2048w, https:\/\/scmotosportbrownsburg.com\/wp-content\/uploads\/2023\/02\/sc-MFS20ETiller-75x75.png 75w\" sizes=\"(max-width: 300px) 100vw, 300px\" \/><\/a><figcaption class=\"wp-element-caption\">MFS 20E<\/figcaption><\/figure><\/div>\n\n\n<\/div><div class=\"one-third\">\n\n\n<div class=\"wp-block-image wp-image-1692 size-medium\">\n<figure class=\"aligncenter\"><img loading=\"lazy\" decoding=\"async\" width=\"300\" height=\"300\" src=\"https:\/\/scmotosportbrownsburg.com\/wp-content\/uploads\/2023\/02\/sc-MFS25C-300x300.png\" alt=\"\" class=\"wp-image-1692\" srcset=\"https:\/\/scmotosportbrownsburg.com\/wp-content\/uploads\/2023\/02\/sc-MFS25C-300x300.png 300w, https:\/\/scmotosportbrownsburg.com\/wp-content\/uploads\/2023\/02\/sc-MFS25C-1024x1024.png 1024w, https:\/\/scmotosportbrownsburg.com\/wp-content\/uploads\/2023\/02\/sc-MFS25C-150x150.png 150w, https:\/\/scmotosportbrownsburg.com\/wp-content\/uploads\/2023\/02\/sc-MFS25C-768x768.png 768w, https:\/\/scmotosportbrownsburg.com\/wp-content\/uploads\/2023\/02\/sc-MFS25C-1536x1536.png 1536w, https:\/\/scmotosportbrownsburg.com\/wp-content\/uploads\/2023\/02\/sc-MFS25C-2048x2048.png 2048w, https:\/\/scmotosportbrownsburg.com\/wp-content\/uploads\/2023\/02\/sc-MFS25C-75x75.png 75w\" sizes=\"(max-width: 300px) 100vw, 300px\" \/><figcaption class=\"wp-element-caption\">MFS 25C TILLER<\/figcaption><\/figure><\/div>\n\n\n<\/div><\/p>\n\n\n<div class=\"one-third first\">\n\n\n<div class=\"wp-block-image\">\n<figure class=\"aligncenter\"><a href=\"https:\/\/www.tohatsu.com\/marine\/na\/outboards\/mfs60a.html\" rel=\"noopener noreferrer\"><img loading=\"lazy\" decoding=\"async\" width=\"300\" height=\"300\" src=\"https:\/\/scmotosportbrownsburg.com\/wp-content\/uploads\/2023\/02\/sc-MFS60A-300x300.png\" alt=\"\" class=\"wp-image-1691\" srcset=\"https:\/\/scmotosportbrownsburg.com\/wp-content\/uploads\/2023\/02\/sc-MFS60A-300x300.png 300w, https:\/\/scmotosportbrownsburg.com\/wp-content\/uploads\/2023\/02\/sc-MFS60A-1024x1024.png 1024w, https:\/\/scmotosportbrownsburg.com\/wp-content\/uploads\/2023\/02\/sc-MFS60A-150x150.png 150w, https:\/\/scmotosportbrownsburg.com\/wp-content\/uploads\/2023\/02\/sc-MFS60A-768x768.png 768w, https:\/\/scmotosportbrownsburg.com\/wp-content\/uploads\/2023\/02\/sc-MFS60A-1536x1536.png 1536w, https:\/\/scmotosportbrownsburg.com\/wp-content\/uploads\/2023\/02\/sc-MFS60A-75x75.png 75w\" sizes=\"(max-width: 300px) 100vw, 300px\" \/><\/a><figcaption class=\"wp-element-caption\">MFS 60A<\/figcaption><\/figure><\/div>\n\n\n<\/div><div class=\"one-third\"><\/div><div class=\"one-third\"><\/div><\/p>\n","protected":false},"excerpt":{"rendered":"<p>Moteurs hors-bord Tohatsu &nbsp; 3,5 \u00e0 60 HP Mod\u00e8les \u00e0 arbre court et \u00e0 arbre long avec d\u00e9marrage \u00e9lectrique EN STOCK &nbsp;<\/p>\n","protected":false},"author":5,"featured_media":0,"parent":0,"menu_order":0,"comment_status":"closed","ping_status":"closed","template":"","meta":{"footnotes":""},"class_list":["post-2565","page","type-page","status-publish","hentry","entry","has-post-thumbnail"],"yoast_head":"<!-- This site is optimized with the Yoast SEO plugin v25.6 - https:\/\/yoast.com\/wordpress\/plugins\/seo\/ -->\n<title>Tohatsu Motors \u2014 S.C. Motosport \u2014 Tohatsu outboard motors Brownsburg<\/title>\n<meta name=\"description\" content=\"&quot;Feel the difference of Tohatsu outboard motors. Reliable performance and innovation for your boating adventures.&quot;\" \/>\n<meta name=\"robots\" content=\"index, follow, max-snippet:-1, max-image-preview:large, max-video-preview:-1\" \/>\n<link rel=\"canonical\" href=\"https:\/\/scmotosportbrownsburg.com\/fr\/tohatsu\/\" \/>\n<meta property=\"og:locale\" content=\"fr_FR\" \/>\n<meta property=\"og:type\" content=\"article\" \/>\n<meta property=\"og:title\" content=\"Tohatsu Motors \u2014 S.C. Motosport \u2014 Tohatsu outboard motors Brownsburg\" \/>\n<meta property=\"og:description\" content=\"&quot;Feel the difference of Tohatsu outboard motors. Reliable performance and innovation for your boating adventures.&quot;\" \/>\n<meta property=\"og:url\" content=\"https:\/\/scmotosportbrownsburg.com\/fr\/tohatsu\/\" \/>\n<meta property=\"og:site_name\" content=\"S.C. Motosport\" \/>\n<meta property=\"article:modified_time\" content=\"2025-01-21T20:33:37+00:00\" \/>\n<meta property=\"og:image\" content=\"https:\/\/scmotosportbrownsburg.com\/wp-content\/uploads\/2019\/09\/Screen-Shot-2019-09-10-at-3.30.57-PM.png\" \/>\n\t<meta property=\"og:image:width\" content=\"270\" \/>\n\t<meta property=\"og:image:height\" content=\"335\" \/>\n\t<meta property=\"og:image:type\" content=\"image\/png\" \/>\n<meta name=\"twitter:label1\" content=\"Dur\u00e9e de lecture estim\u00e9e\" \/>\n\t<meta name=\"twitter:data1\" content=\"3 minutes\" \/>\n<script type=\"application\/ld+json\" class=\"yoast-schema-graph\">{\"@context\":\"https:\/\/schema.org\",\"@graph\":[{\"@type\":\"WebPage\",\"@id\":\"https:\/\/scmotosportbrownsburg.com\/fr\/tohatsu\/\",\"url\":\"https:\/\/scmotosportbrownsburg.com\/fr\/tohatsu\/\",\"name\":\"Tohatsu Motors \u2014 S.C. Motosport \u2014 Tohatsu outboard motors Brownsburg\",\"isPartOf\":{\"@id\":\"http:\/\/www.scmotosportbrownsburg.com\/fr\/#website\"},\"primaryImageOfPage\":{\"@id\":\"https:\/\/scmotosportbrownsburg.com\/fr\/tohatsu\/#primaryimage\"},\"image\":{\"@id\":\"https:\/\/scmotosportbrownsburg.com\/fr\/tohatsu\/#primaryimage\"},\"thumbnailUrl\":\"https:\/\/scmotosportbrownsburg.com\/wp-content\/uploads\/2019\/09\/Screen-Shot-2019-09-10-at-3.30.57-PM-242x300.png\",\"datePublished\":\"2014-10-27T08:38:01+00:00\",\"dateModified\":\"2025-01-21T20:33:37+00:00\",\"description\":\"\\\"Feel the difference of Tohatsu outboard motors. Reliable performance and innovation for your boating adventures.\\\"\",\"breadcrumb\":{\"@id\":\"https:\/\/scmotosportbrownsburg.com\/fr\/tohatsu\/#breadcrumb\"},\"inLanguage\":\"fr-FR\",\"potentialAction\":[{\"@type\":\"ReadAction\",\"target\":[\"https:\/\/scmotosportbrownsburg.com\/fr\/tohatsu\/\"]}]},{\"@type\":\"ImageObject\",\"inLanguage\":\"fr-FR\",\"@id\":\"https:\/\/scmotosportbrownsburg.com\/fr\/tohatsu\/#primaryimage\",\"url\":\"https:\/\/scmotosportbrownsburg.com\/wp-content\/uploads\/2019\/09\/Screen-Shot-2019-09-10-at-3.30.57-PM-242x300.png\",\"contentUrl\":\"https:\/\/scmotosportbrownsburg.com\/wp-content\/uploads\/2019\/09\/Screen-Shot-2019-09-10-at-3.30.57-PM-242x300.png\"},{\"@type\":\"BreadcrumbList\",\"@id\":\"https:\/\/scmotosportbrownsburg.com\/fr\/tohatsu\/#breadcrumb\",\"itemListElement\":[{\"@type\":\"ListItem\",\"position\":1,\"name\":\"Home\",\"item\":\"http:\/\/www.scmotosportbrownsburg.com\/fr\/\"},{\"@type\":\"ListItem\",\"position\":2,\"name\":\"TOHATSU\"}]},{\"@type\":\"WebSite\",\"@id\":\"http:\/\/www.scmotosportbrownsburg.com\/fr\/#website\",\"url\":\"http:\/\/www.scmotosportbrownsburg.com\/fr\/\",\"name\":\"S.C. Motosport\",\"description\":\"\",\"publisher\":{\"@id\":\"http:\/\/www.scmotosportbrownsburg.com\/fr\/#organization\"},\"potentialAction\":[{\"@type\":\"SearchAction\",\"target\":{\"@type\":\"EntryPoint\",\"urlTemplate\":\"http:\/\/www.scmotosportbrownsburg.com\/fr\/?s={search_term_string}\"},\"query-input\":{\"@type\":\"PropertyValueSpecification\",\"valueRequired\":true,\"valueName\":\"search_term_string\"}}],\"inLanguage\":\"fr-FR\"},{\"@type\":\"Organization\",\"@id\":\"http:\/\/www.scmotosportbrownsburg.com\/fr\/#organization\",\"name\":\"S.C. Motosport\",\"url\":\"http:\/\/www.scmotosportbrownsburg.com\/fr\/\",\"logo\":{\"@type\":\"ImageObject\",\"inLanguage\":\"fr-FR\",\"@id\":\"http:\/\/www.scmotosportbrownsburg.com\/fr\/#\/schema\/logo\/image\/\",\"url\":\"https:\/\/scmotosportbrownsburg.com\/wp-content\/uploads\/2019\/09\/LOGO.FINAL_.SCMOTOSPORT.png\",\"contentUrl\":\"https:\/\/scmotosportbrownsburg.com\/wp-content\/uploads\/2019\/09\/LOGO.FINAL_.SCMOTOSPORT.png\",\"width\":1192,\"height\":575,\"caption\":\"S.C. Motosport\"},\"image\":{\"@id\":\"http:\/\/www.scmotosportbrownsburg.com\/fr\/#\/schema\/logo\/image\/\"}}]}<\/script>\n<!-- \/ Yoast SEO plugin. -->","yoast_head_json":{"title":"Tohatsu Motors \u2014 S.C. Motosport \u2014 Tohatsu outboard motors Brownsburg","description":"\"Feel the difference of Tohatsu outboard motors. Reliable performance and innovation for your boating adventures.\"","robots":{"index":"index","follow":"follow","max-snippet":"max-snippet:-1","max-image-preview":"max-image-preview:large","max-video-preview":"max-video-preview:-1"},"canonical":"https:\/\/scmotosportbrownsburg.com\/fr\/tohatsu\/","og_locale":"fr_FR","og_type":"article","og_title":"Tohatsu Motors \u2014 S.C. Motosport \u2014 Tohatsu outboard motors Brownsburg","og_description":"\"Feel the difference of Tohatsu outboard motors. Reliable performance and innovation for your boating adventures.\"","og_url":"https:\/\/scmotosportbrownsburg.com\/fr\/tohatsu\/","og_site_name":"S.C. Motosport","article_modified_time":"2025-01-21T20:33:37+00:00","og_image":[{"width":270,"height":335,"url":"https:\/\/scmotosportbrownsburg.com\/wp-content\/uploads\/2019\/09\/Screen-Shot-2019-09-10-at-3.30.57-PM.png","type":"image\/png"}],"twitter_misc":{"Dur\u00e9e de lecture estim\u00e9e":"3 minutes"},"schema":{"@context":"https:\/\/schema.org","@graph":[{"@type":"WebPage","@id":"https:\/\/scmotosportbrownsburg.com\/fr\/tohatsu\/","url":"https:\/\/scmotosportbrownsburg.com\/fr\/tohatsu\/","name":"Tohatsu Motors \u2014 S.C. Motosport \u2014 Tohatsu outboard motors Brownsburg","isPartOf":{"@id":"http:\/\/www.scmotosportbrownsburg.com\/fr\/#website"},"primaryImageOfPage":{"@id":"https:\/\/scmotosportbrownsburg.com\/fr\/tohatsu\/#primaryimage"},"image":{"@id":"https:\/\/scmotosportbrownsburg.com\/fr\/tohatsu\/#primaryimage"},"thumbnailUrl":"https:\/\/scmotosportbrownsburg.com\/wp-content\/uploads\/2019\/09\/Screen-Shot-2019-09-10-at-3.30.57-PM-242x300.png","datePublished":"2014-10-27T08:38:01+00:00","dateModified":"2025-01-21T20:33:37+00:00","description":"\"Feel the difference of Tohatsu outboard motors. Reliable performance and innovation for your boating adventures.\"","breadcrumb":{"@id":"https:\/\/scmotosportbrownsburg.com\/fr\/tohatsu\/#breadcrumb"},"inLanguage":"fr-FR","potentialAction":[{"@type":"ReadAction","target":["https:\/\/scmotosportbrownsburg.com\/fr\/tohatsu\/"]}]},{"@type":"ImageObject","inLanguage":"fr-FR","@id":"https:\/\/scmotosportbrownsburg.com\/fr\/tohatsu\/#primaryimage","url":"https:\/\/scmotosportbrownsburg.com\/wp-content\/uploads\/2019\/09\/Screen-Shot-2019-09-10-at-3.30.57-PM-242x300.png","contentUrl":"https:\/\/scmotosportbrownsburg.com\/wp-content\/uploads\/2019\/09\/Screen-Shot-2019-09-10-at-3.30.57-PM-242x300.png"},{"@type":"BreadcrumbList","@id":"https:\/\/scmotosportbrownsburg.com\/fr\/tohatsu\/#breadcrumb","itemListElement":[{"@type":"ListItem","position":1,"name":"Home","item":"http:\/\/www.scmotosportbrownsburg.com\/fr\/"},{"@type":"ListItem","position":2,"name":"TOHATSU"}]},{"@type":"WebSite","@id":"http:\/\/www.scmotosportbrownsburg.com\/fr\/#website","url":"http:\/\/www.scmotosportbrownsburg.com\/fr\/","name":"S.C. Motosport","description":"","publisher":{"@id":"http:\/\/www.scmotosportbrownsburg.com\/fr\/#organization"},"potentialAction":[{"@type":"SearchAction","target":{"@type":"EntryPoint","urlTemplate":"http:\/\/www.scmotosportbrownsburg.com\/fr\/?s={search_term_string}"},"query-input":{"@type":"PropertyValueSpecification","valueRequired":true,"valueName":"search_term_string"}}],"inLanguage":"fr-FR"},{"@type":"Organization","@id":"http:\/\/www.scmotosportbrownsburg.com\/fr\/#organization","name":"S.C. Motosport","url":"http:\/\/www.scmotosportbrownsburg.com\/fr\/","logo":{"@type":"ImageObject","inLanguage":"fr-FR","@id":"http:\/\/www.scmotosportbrownsburg.com\/fr\/#\/schema\/logo\/image\/","url":"https:\/\/scmotosportbrownsburg.com\/wp-content\/uploads\/2019\/09\/LOGO.FINAL_.SCMOTOSPORT.png","contentUrl":"https:\/\/scmotosportbrownsburg.com\/wp-content\/uploads\/2019\/09\/LOGO.FINAL_.SCMOTOSPORT.png","width":1192,"height":575,"caption":"S.C. Motosport"},"image":{"@id":"http:\/\/www.scmotosportbrownsburg.com\/fr\/#\/schema\/logo\/image\/"}}]}},"_links":{"self":[{"href":"https:\/\/scmotosportbrownsburg.com\/fr\/wp-json\/wp\/v2\/pages\/2565"}],"collection":[{"href":"https:\/\/scmotosportbrownsburg.com\/fr\/wp-json\/wp\/v2\/pages"}],"about":[{"href":"https:\/\/scmotosportbrownsburg.com\/fr\/wp-json\/wp\/v2\/types\/page"}],"author":[{"embeddable":true,"href":"https:\/\/scmotosportbrownsburg.com\/fr\/wp-json\/wp\/v2\/users\/5"}],"replies":[{"embeddable":true,"href":"https:\/\/scmotosportbrownsburg.com\/fr\/wp-json\/wp\/v2\/comments?post=2565"}],"version-history":[{"count":4,"href":"https:\/\/scmotosportbrownsburg.com\/fr\/wp-json\/wp\/v2\/pages\/2565\/revisions"}],"predecessor-version":[{"id":2573,"href":"https:\/\/scmotosportbrownsburg.com\/fr\/wp-json\/wp\/v2\/pages\/2565\/revisions\/2573"}],"wp:attachment":[{"href":"https:\/\/scmotosportbrownsburg.com\/fr\/wp-json\/wp\/v2\/media?parent=2565"}],"curies":[{"name":"wp","href":"https:\/\/api.w.org\/{rel}","templated":true}]}}