{"id":2557,"date":"2023-10-10T11:24:05","date_gmt":"2023-10-10T15:24:05","guid":{"rendered":"https:\/\/scmotosportbrownsburg.com\/thumpstar\/"},"modified":"2025-01-21T15:11:17","modified_gmt":"2025-01-21T20:11:17","slug":"thumpstar","status":"publish","type":"page","link":"https:\/\/scmotosportbrownsburg.com\/fr\/thumpstar\/","title":{"rendered":"THUMPSTAR"},"content":{"rendered":"<div class=\"wp-block-image\">\n<figure class=\"alignleft\"><img loading=\"lazy\" decoding=\"async\" width=\"101\" height=\"49\" src=\"https:\/\/scmotosportbrownsburg.com\/wp-content\/uploads\/2023\/10\/thumpstar-logo.png\" alt=\"\" class=\"wp-image-1747\"\/><\/figure><\/div>\n\n\n<p><\/p>\n\n\n\n<h3 class=\"wp-block-heading\">MOTOS THUMPSTAR<\/h3>\n\n\n\n<p>&nbsp;<\/p>\n\n\n\n<p class=\"text-center text-lg-left\">Thumpstar a \u00e9t\u00e9 cr\u00e9\u00e9e en Australie en 2004 et a vendu 40 000 motos tout-terrain dans le monde entier. Au cours de ses 14 ann\u00e9es d&rsquo;activit\u00e9, Thumpstar a acquis des connaissances importantes qui ont contribu\u00e9 au succ\u00e8s et \u00e0 l&rsquo;expansion de la marque. Actuellement, l&rsquo;entreprise est pr\u00e9sente dans de nombreux pays occidentaux.<\/p>\n\n\n\n<p class=\"text-center text-lg-left\">L&rsquo;\u00e9quipe de Thumpstar est profond\u00e9ment passionn\u00e9e par la moto et encourage tout le monde \u00e0 s&rsquo;impliquer dans ce sport. Cela correspond \u00e0 notre objectif principal, qui est de rendre la moto accessible \u00e0 tous, tout en maintenant un niveau de qualit\u00e9 \u00e9lev\u00e9.<\/p>\n\n\n<div class=\"one-third first\">\n\n\n<div class=\"wp-block-image\">\n<figure class=\"aligncenter\"><a href=\"https:\/\/thumpstar.ca\/products\/tse16-h-e3\" rel=\"noopener\"><img loading=\"lazy\" decoding=\"async\" width=\"300\" height=\"233\" src=\"https:\/\/scmotosportbrownsburg.com\/wp-content\/uploads\/2023\/10\/TSE16E3-MAX-1_copy_T1VNJS5LJN1L_1024x1024.jpg-300x233.webp\" alt=\"\" class=\"wp-image-1759\" srcset=\"https:\/\/scmotosportbrownsburg.com\/wp-content\/uploads\/2023\/10\/TSE16E3-MAX-1_copy_T1VNJS5LJN1L_1024x1024.jpg-300x233.webp 300w, https:\/\/scmotosportbrownsburg.com\/wp-content\/uploads\/2023\/10\/TSE16E3-MAX-1_copy_T1VNJS5LJN1L_1024x1024.jpg-768x597.webp 768w, https:\/\/scmotosportbrownsburg.com\/wp-content\/uploads\/2023\/10\/TSE16E3-MAX-1_copy_T1VNJS5LJN1L_1024x1024.jpg.webp 900w\" sizes=\"(max-width: 300px) 100vw, 300px\" \/><\/a><figcaption class=\"wp-element-caption\">TSE16-H-E3 V\u00c9LO D&rsquo;\u00c9QUILIBRE<\/figcaption><\/figure><\/div>\n\n\n<\/div><div class=\"one-third\">\n\n\n<div class=\"wp-block-image\">\n<figure class=\"aligncenter\"><a href=\"https:\/\/thumpstar.ca\/products\/tsk-70\/\" rel=\"noopener\"><img loading=\"lazy\" decoding=\"async\" width=\"300\" height=\"233\" src=\"https:\/\/scmotosportbrownsburg.com\/wp-content\/uploads\/2023\/10\/TSK50-1-300x233.jpg\" alt=\"\" class=\"wp-image-1801\" srcset=\"https:\/\/scmotosportbrownsburg.com\/wp-content\/uploads\/2023\/10\/TSK50-1-300x233.jpg 300w, https:\/\/scmotosportbrownsburg.com\/wp-content\/uploads\/2023\/10\/TSK50-1-1024x796.jpg 1024w, https:\/\/scmotosportbrownsburg.com\/wp-content\/uploads\/2023\/10\/TSK50-1-768x597.jpg 768w, https:\/\/scmotosportbrownsburg.com\/wp-content\/uploads\/2023\/10\/TSK50-1-1536x1195.jpg 1536w, https:\/\/scmotosportbrownsburg.com\/wp-content\/uploads\/2023\/10\/TSK50-1.jpg 1800w\" sizes=\"(max-width: 300px) 100vw, 300px\" \/><\/a><figcaption class=\"wp-element-caption\">TSK 70C MOTOCROSS<\/figcaption><\/figure><\/div>\n\n\n<\/div><div class=\"one-third\">\n\n\n<div class=\"wp-block-image\">\n<figure class=\"aligncenter\"><a href=\"https:\/\/thumpstar.ca\/products\/tsb-110\/\" rel=\"noopener\"><img loading=\"lazy\" decoding=\"async\" width=\"300\" height=\"240\" src=\"https:\/\/scmotosportbrownsburg.com\/wp-content\/uploads\/2023\/10\/TSB110-1-300x240.jpg\" alt=\"\" class=\"wp-image-1802\" srcset=\"https:\/\/scmotosportbrownsburg.com\/wp-content\/uploads\/2023\/10\/TSB110-1-300x240.jpg 300w, https:\/\/scmotosportbrownsburg.com\/wp-content\/uploads\/2023\/10\/TSB110-1-1024x818.jpg 1024w, https:\/\/scmotosportbrownsburg.com\/wp-content\/uploads\/2023\/10\/TSB110-1-768x613.jpg 768w, https:\/\/scmotosportbrownsburg.com\/wp-content\/uploads\/2023\/10\/TSB110-1-1536x1227.jpg 1536w, https:\/\/scmotosportbrownsburg.com\/wp-content\/uploads\/2023\/10\/TSB110-1.jpg 1540w\" sizes=\"(max-width: 300px) 100vw, 300px\" \/><\/a><figcaption class=\"wp-element-caption\">TSB 110C MOTOCROSS<\/figcaption><\/figure><\/div>\n\n\n<\/div><\/p>\n\n\n<div class=\"one-third first\">\n\n\n<div class=\"wp-block-image\">\n<figure class=\"aligncenter\"><a href=\"https:\/\/thumpstar.ca\/products\/tsk-110\/\" rel=\"noopener\"><img loading=\"lazy\" decoding=\"async\" width=\"300\" height=\"240\" src=\"https:\/\/scmotosportbrownsburg.com\/wp-content\/uploads\/2023\/10\/TSK110-1-300x240.jpg\" alt=\"\" class=\"wp-image-1803\" srcset=\"https:\/\/scmotosportbrownsburg.com\/wp-content\/uploads\/2023\/10\/TSK110-1-300x240.jpg 300w, https:\/\/scmotosportbrownsburg.com\/wp-content\/uploads\/2023\/10\/TSK110-1-1024x818.jpg 1024w, https:\/\/scmotosportbrownsburg.com\/wp-content\/uploads\/2023\/10\/TSK110-1-768x613.jpg 768w, https:\/\/scmotosportbrownsburg.com\/wp-content\/uploads\/2023\/10\/TSK110-1-1536x1227.jpg 1536w, https:\/\/scmotosportbrownsburg.com\/wp-content\/uploads\/2023\/10\/TSK110-1-2048x1636.jpg 2048w\" sizes=\"(max-width: 300px) 100vw, 300px\" \/><\/a><figcaption class=\"wp-element-caption\">TSK 110C MOTOCROSS<\/figcaption><\/figure><\/div>\n\n\n<\/div><div class=\"one-third\">\n\n\n<div class=\"wp-block-image\">\n<figure class=\"aligncenter\"><a href=\"https:\/\/thumpstar.ca\/products\/tsb-125-e\/\" rel=\"noopener\"><img loading=\"lazy\" decoding=\"async\" width=\"300\" height=\"240\" src=\"https:\/\/scmotosportbrownsburg.com\/wp-content\/uploads\/2023\/10\/TSB125-1-300x240.jpg\" alt=\"\" class=\"wp-image-1804\" srcset=\"https:\/\/scmotosportbrownsburg.com\/wp-content\/uploads\/2023\/10\/TSB125-1-300x240.jpg 300w, https:\/\/scmotosportbrownsburg.com\/wp-content\/uploads\/2023\/10\/TSB125-1-1024x818.jpg 1024w, https:\/\/scmotosportbrownsburg.com\/wp-content\/uploads\/2023\/10\/TSB125-1-768x613.jpg 768w, https:\/\/scmotosportbrownsburg.com\/wp-content\/uploads\/2023\/10\/TSB125-1-1536x1227.jpg 1536w, https:\/\/scmotosportbrownsburg.com\/wp-content\/uploads\/2023\/10\/TSB125-1.jpg 1540w\" sizes=\"(max-width: 300px) 100vw, 300px\" \/><\/a><figcaption class=\"wp-element-caption\">TSB 125EC MOTOCROSS<\/figcaption><\/figure><\/div>\n\n\n<\/div><div class=\"one-third\">\n\n\n<div class=\"wp-block-image\">\n<figure class=\"aligncenter\"><a href=\"https:\/\/thumpstar.ca\/products\/tsx-125\/\" rel=\"noopener\"><img loading=\"lazy\" decoding=\"async\" width=\"300\" height=\"240\" src=\"https:\/\/scmotosportbrownsburg.com\/wp-content\/uploads\/2023\/10\/TSX125-1-300x240.jpg\" alt=\"\" class=\"wp-image-1805\" srcset=\"https:\/\/scmotosportbrownsburg.com\/wp-content\/uploads\/2023\/10\/TSX125-1-300x240.jpg 300w, https:\/\/scmotosportbrownsburg.com\/wp-content\/uploads\/2023\/10\/TSX125-1-1024x818.jpg 1024w, https:\/\/scmotosportbrownsburg.com\/wp-content\/uploads\/2023\/10\/TSX125-1-768x613.jpg 768w, https:\/\/scmotosportbrownsburg.com\/wp-content\/uploads\/2023\/10\/TSX125-1-1536x1227.jpg 1536w, https:\/\/scmotosportbrownsburg.com\/wp-content\/uploads\/2023\/10\/TSX125-1.jpg 1540w\" sizes=\"(max-width: 300px) 100vw, 300px\" \/><\/a><figcaption class=\"wp-element-caption\">TSX 12EC MOTOCROSS<\/figcaption><\/figure><\/div>\n\n\n<\/div><\/p>\n\n\n<div class=\"one-third first\">\n\n\n<div class=\"wp-block-image\">\n<figure class=\"aligncenter\"><a href=\"https:\/\/thumpstar.ca\/products\/tsx-140\/\" rel=\"noopener\"><img loading=\"lazy\" decoding=\"async\" width=\"300\" height=\"240\" src=\"https:\/\/scmotosportbrownsburg.com\/wp-content\/uploads\/2023\/10\/TSX140-1-300x240.jpg\" alt=\"\" class=\"wp-image-1806\" srcset=\"https:\/\/scmotosportbrownsburg.com\/wp-content\/uploads\/2023\/10\/TSX140-1-300x240.jpg 300w, https:\/\/scmotosportbrownsburg.com\/wp-content\/uploads\/2023\/10\/TSX140-1-1024x818.jpg 1024w, https:\/\/scmotosportbrownsburg.com\/wp-content\/uploads\/2023\/10\/TSX140-1-768x613.jpg 768w, https:\/\/scmotosportbrownsburg.com\/wp-content\/uploads\/2023\/10\/TSX140-1-1536x1227.jpg 1536w, https:\/\/scmotosportbrownsburg.com\/wp-content\/uploads\/2023\/10\/TSX140-1.jpg 1540w\" sizes=\"(max-width: 300px) 100vw, 300px\" \/><\/a><figcaption class=\"wp-element-caption\">TSX 140C MOTOCROSS<\/figcaption><\/figure><\/div>\n\n\n<\/div><div class=\"one-third\">\n\n\n<div class=\"wp-block-image\">\n<figure class=\"aligncenter\"><a href=\"https:\/\/thumpstar.ca\/products\/tsr-140\/\" rel=\"noopener\"><img loading=\"lazy\" decoding=\"async\" width=\"300\" height=\"240\" src=\"https:\/\/scmotosportbrownsburg.com\/wp-content\/uploads\/2023\/10\/TSR140-1-300x240.jpg\" alt=\"\" class=\"wp-image-1807\" srcset=\"https:\/\/scmotosportbrownsburg.com\/wp-content\/uploads\/2023\/10\/TSR140-1-300x240.jpg 300w, https:\/\/scmotosportbrownsburg.com\/wp-content\/uploads\/2023\/10\/TSR140-1-1024x818.jpg 1024w, https:\/\/scmotosportbrownsburg.com\/wp-content\/uploads\/2023\/10\/TSR140-1-768x613.jpg 768w, https:\/\/scmotosportbrownsburg.com\/wp-content\/uploads\/2023\/10\/TSR140-1-1536x1227.jpg 1536w, https:\/\/scmotosportbrownsburg.com\/wp-content\/uploads\/2023\/10\/TSR140-1.jpg 1540w\" sizes=\"(max-width: 300px) 100vw, 300px\" \/><\/a><figcaption class=\"wp-element-caption\">TSR 140C MOTOCROSS<\/figcaption><\/figure><\/div>\n\n\n<\/div><div class=\"one-third\"><\/div><\/p>\n\n\n\n<p>&nbsp;<\/p>\n","protected":false},"excerpt":{"rendered":"<p>MOTOS THUMPSTAR &nbsp; Thumpstar a \u00e9t\u00e9 cr\u00e9\u00e9e en Australie en 2004 et a vendu 40 000 motos tout-terrain dans le monde entier. Au cours de ses 14 ann\u00e9es d&rsquo;activit\u00e9, Thumpstar a acquis des connaissances importantes qui ont contribu\u00e9 au succ\u00e8s et \u00e0 l&rsquo;expansion de la marque. Actuellement, l&rsquo;entreprise est pr\u00e9sente dans de nombreux pays occidentaux. [&hellip;]<\/p>\n","protected":false},"author":6,"featured_media":2431,"parent":0,"menu_order":0,"comment_status":"closed","ping_status":"closed","template":"","meta":{"footnotes":""},"class_list":["post-2557","page","type-page","status-publish","has-post-thumbnail","hentry","entry"],"yoast_head":"<!-- This site is optimized with the Yoast SEO plugin v25.6 - https:\/\/yoast.com\/wordpress\/plugins\/seo\/ -->\n<title>Beta motorcycles | S.C. Motosports<\/title>\n<meta name=\"description\" content=\"BETA Canada is the independent, authorized importer of Betamotor S.P.A. in Canada. We are off-road riders and the Canadian provider of one of the best off-road motorcycles.\" \/>\n<meta name=\"robots\" content=\"index, follow, max-snippet:-1, max-image-preview:large, max-video-preview:-1\" \/>\n<link rel=\"canonical\" href=\"https:\/\/scmotosportbrownsburg.com\/fr\/thumpstar\/\" \/>\n<meta property=\"og:locale\" content=\"fr_FR\" \/>\n<meta property=\"og:type\" content=\"article\" \/>\n<meta property=\"og:title\" content=\"Beta motorcycles | S.C. Motosports\" \/>\n<meta property=\"og:description\" content=\"BETA Canada is the independent, authorized importer of Betamotor S.P.A. in Canada. We are off-road riders and the Canadian provider of one of the best off-road motorcycles.\" \/>\n<meta property=\"og:url\" content=\"https:\/\/scmotosportbrownsburg.com\/fr\/thumpstar\/\" \/>\n<meta property=\"og:site_name\" content=\"S.C. Motosport\" \/>\n<meta property=\"article:modified_time\" content=\"2025-01-21T20:11:17+00:00\" \/>\n<meta property=\"og:image\" content=\"https:\/\/scmotosportbrownsburg.com\/wp-content\/uploads\/2023\/10\/thumpstar-canada-bike-scaled.jpg\" \/>\n\t<meta property=\"og:image:width\" content=\"2560\" \/>\n\t<meta property=\"og:image:height\" content=\"1706\" \/>\n\t<meta property=\"og:image:type\" content=\"image\/jpeg\" \/>\n<meta name=\"twitter:label1\" content=\"Dur\u00e9e de lecture estim\u00e9e\" \/>\n\t<meta name=\"twitter:data1\" content=\"3 minutes\" \/>\n<script type=\"application\/ld+json\" class=\"yoast-schema-graph\">{\"@context\":\"https:\/\/schema.org\",\"@graph\":[{\"@type\":\"WebPage\",\"@id\":\"https:\/\/scmotosportbrownsburg.com\/fr\/thumpstar\/\",\"url\":\"https:\/\/scmotosportbrownsburg.com\/fr\/thumpstar\/\",\"name\":\"Beta motorcycles | S.C. Motosports\",\"isPartOf\":{\"@id\":\"http:\/\/www.scmotosportbrownsburg.com\/fr\/#website\"},\"primaryImageOfPage\":{\"@id\":\"https:\/\/scmotosportbrownsburg.com\/fr\/thumpstar\/#primaryimage\"},\"image\":{\"@id\":\"https:\/\/scmotosportbrownsburg.com\/fr\/thumpstar\/#primaryimage\"},\"thumbnailUrl\":\"https:\/\/scmotosportbrownsburg.com\/wp-content\/uploads\/2023\/10\/thumpstar-canada-bike-scaled.jpg\",\"datePublished\":\"2023-10-10T15:24:05+00:00\",\"dateModified\":\"2025-01-21T20:11:17+00:00\",\"description\":\"BETA Canada is the independent, authorized importer of Betamotor S.P.A. in Canada. We are off-road riders and the Canadian provider of one of the best off-road motorcycles.\",\"breadcrumb\":{\"@id\":\"https:\/\/scmotosportbrownsburg.com\/fr\/thumpstar\/#breadcrumb\"},\"inLanguage\":\"fr-FR\",\"potentialAction\":[{\"@type\":\"ReadAction\",\"target\":[\"https:\/\/scmotosportbrownsburg.com\/fr\/thumpstar\/\"]}]},{\"@type\":\"ImageObject\",\"inLanguage\":\"fr-FR\",\"@id\":\"https:\/\/scmotosportbrownsburg.com\/fr\/thumpstar\/#primaryimage\",\"url\":\"https:\/\/scmotosportbrownsburg.com\/wp-content\/uploads\/2023\/10\/thumpstar-canada-bike-scaled.jpg\",\"contentUrl\":\"https:\/\/scmotosportbrownsburg.com\/wp-content\/uploads\/2023\/10\/thumpstar-canada-bike-scaled.jpg\",\"width\":2560,\"height\":1706},{\"@type\":\"BreadcrumbList\",\"@id\":\"https:\/\/scmotosportbrownsburg.com\/fr\/thumpstar\/#breadcrumb\",\"itemListElement\":[{\"@type\":\"ListItem\",\"position\":1,\"name\":\"Home\",\"item\":\"http:\/\/www.scmotosportbrownsburg.com\/fr\/\"},{\"@type\":\"ListItem\",\"position\":2,\"name\":\"THUMPSTAR\"}]},{\"@type\":\"WebSite\",\"@id\":\"http:\/\/www.scmotosportbrownsburg.com\/fr\/#website\",\"url\":\"http:\/\/www.scmotosportbrownsburg.com\/fr\/\",\"name\":\"S.C. Motosport\",\"description\":\"\",\"publisher\":{\"@id\":\"http:\/\/www.scmotosportbrownsburg.com\/fr\/#organization\"},\"potentialAction\":[{\"@type\":\"SearchAction\",\"target\":{\"@type\":\"EntryPoint\",\"urlTemplate\":\"http:\/\/www.scmotosportbrownsburg.com\/fr\/?s={search_term_string}\"},\"query-input\":{\"@type\":\"PropertyValueSpecification\",\"valueRequired\":true,\"valueName\":\"search_term_string\"}}],\"inLanguage\":\"fr-FR\"},{\"@type\":\"Organization\",\"@id\":\"http:\/\/www.scmotosportbrownsburg.com\/fr\/#organization\",\"name\":\"S.C. Motosport\",\"url\":\"http:\/\/www.scmotosportbrownsburg.com\/fr\/\",\"logo\":{\"@type\":\"ImageObject\",\"inLanguage\":\"fr-FR\",\"@id\":\"http:\/\/www.scmotosportbrownsburg.com\/fr\/#\/schema\/logo\/image\/\",\"url\":\"https:\/\/scmotosportbrownsburg.com\/wp-content\/uploads\/2019\/09\/LOGO.FINAL_.SCMOTOSPORT.png\",\"contentUrl\":\"https:\/\/scmotosportbrownsburg.com\/wp-content\/uploads\/2019\/09\/LOGO.FINAL_.SCMOTOSPORT.png\",\"width\":1192,\"height\":575,\"caption\":\"S.C. Motosport\"},\"image\":{\"@id\":\"http:\/\/www.scmotosportbrownsburg.com\/fr\/#\/schema\/logo\/image\/\"}}]}<\/script>\n<!-- \/ Yoast SEO plugin. -->","yoast_head_json":{"title":"Beta motorcycles | S.C. Motosports","description":"BETA Canada is the independent, authorized importer of Betamotor S.P.A. in Canada. We are off-road riders and the Canadian provider of one of the best off-road motorcycles.","robots":{"index":"index","follow":"follow","max-snippet":"max-snippet:-1","max-image-preview":"max-image-preview:large","max-video-preview":"max-video-preview:-1"},"canonical":"https:\/\/scmotosportbrownsburg.com\/fr\/thumpstar\/","og_locale":"fr_FR","og_type":"article","og_title":"Beta motorcycles | S.C. Motosports","og_description":"BETA Canada is the independent, authorized importer of Betamotor S.P.A. in Canada. We are off-road riders and the Canadian provider of one of the best off-road motorcycles.","og_url":"https:\/\/scmotosportbrownsburg.com\/fr\/thumpstar\/","og_site_name":"S.C. Motosport","article_modified_time":"2025-01-21T20:11:17+00:00","og_image":[{"width":2560,"height":1706,"url":"https:\/\/scmotosportbrownsburg.com\/wp-content\/uploads\/2023\/10\/thumpstar-canada-bike-scaled.jpg","type":"image\/jpeg"}],"twitter_misc":{"Dur\u00e9e de lecture estim\u00e9e":"3 minutes"},"schema":{"@context":"https:\/\/schema.org","@graph":[{"@type":"WebPage","@id":"https:\/\/scmotosportbrownsburg.com\/fr\/thumpstar\/","url":"https:\/\/scmotosportbrownsburg.com\/fr\/thumpstar\/","name":"Beta motorcycles | S.C. Motosports","isPartOf":{"@id":"http:\/\/www.scmotosportbrownsburg.com\/fr\/#website"},"primaryImageOfPage":{"@id":"https:\/\/scmotosportbrownsburg.com\/fr\/thumpstar\/#primaryimage"},"image":{"@id":"https:\/\/scmotosportbrownsburg.com\/fr\/thumpstar\/#primaryimage"},"thumbnailUrl":"https:\/\/scmotosportbrownsburg.com\/wp-content\/uploads\/2023\/10\/thumpstar-canada-bike-scaled.jpg","datePublished":"2023-10-10T15:24:05+00:00","dateModified":"2025-01-21T20:11:17+00:00","description":"BETA Canada is the independent, authorized importer of Betamotor S.P.A. in Canada. We are off-road riders and the Canadian provider of one of the best off-road motorcycles.","breadcrumb":{"@id":"https:\/\/scmotosportbrownsburg.com\/fr\/thumpstar\/#breadcrumb"},"inLanguage":"fr-FR","potentialAction":[{"@type":"ReadAction","target":["https:\/\/scmotosportbrownsburg.com\/fr\/thumpstar\/"]}]},{"@type":"ImageObject","inLanguage":"fr-FR","@id":"https:\/\/scmotosportbrownsburg.com\/fr\/thumpstar\/#primaryimage","url":"https:\/\/scmotosportbrownsburg.com\/wp-content\/uploads\/2023\/10\/thumpstar-canada-bike-scaled.jpg","contentUrl":"https:\/\/scmotosportbrownsburg.com\/wp-content\/uploads\/2023\/10\/thumpstar-canada-bike-scaled.jpg","width":2560,"height":1706},{"@type":"BreadcrumbList","@id":"https:\/\/scmotosportbrownsburg.com\/fr\/thumpstar\/#breadcrumb","itemListElement":[{"@type":"ListItem","position":1,"name":"Home","item":"http:\/\/www.scmotosportbrownsburg.com\/fr\/"},{"@type":"ListItem","position":2,"name":"THUMPSTAR"}]},{"@type":"WebSite","@id":"http:\/\/www.scmotosportbrownsburg.com\/fr\/#website","url":"http:\/\/www.scmotosportbrownsburg.com\/fr\/","name":"S.C. Motosport","description":"","publisher":{"@id":"http:\/\/www.scmotosportbrownsburg.com\/fr\/#organization"},"potentialAction":[{"@type":"SearchAction","target":{"@type":"EntryPoint","urlTemplate":"http:\/\/www.scmotosportbrownsburg.com\/fr\/?s={search_term_string}"},"query-input":{"@type":"PropertyValueSpecification","valueRequired":true,"valueName":"search_term_string"}}],"inLanguage":"fr-FR"},{"@type":"Organization","@id":"http:\/\/www.scmotosportbrownsburg.com\/fr\/#organization","name":"S.C. Motosport","url":"http:\/\/www.scmotosportbrownsburg.com\/fr\/","logo":{"@type":"ImageObject","inLanguage":"fr-FR","@id":"http:\/\/www.scmotosportbrownsburg.com\/fr\/#\/schema\/logo\/image\/","url":"https:\/\/scmotosportbrownsburg.com\/wp-content\/uploads\/2019\/09\/LOGO.FINAL_.SCMOTOSPORT.png","contentUrl":"https:\/\/scmotosportbrownsburg.com\/wp-content\/uploads\/2019\/09\/LOGO.FINAL_.SCMOTOSPORT.png","width":1192,"height":575,"caption":"S.C. Motosport"},"image":{"@id":"http:\/\/www.scmotosportbrownsburg.com\/fr\/#\/schema\/logo\/image\/"}}]}},"_links":{"self":[{"href":"https:\/\/scmotosportbrownsburg.com\/fr\/wp-json\/wp\/v2\/pages\/2557"}],"collection":[{"href":"https:\/\/scmotosportbrownsburg.com\/fr\/wp-json\/wp\/v2\/pages"}],"about":[{"href":"https:\/\/scmotosportbrownsburg.com\/fr\/wp-json\/wp\/v2\/types\/page"}],"author":[{"embeddable":true,"href":"https:\/\/scmotosportbrownsburg.com\/fr\/wp-json\/wp\/v2\/users\/6"}],"replies":[{"embeddable":true,"href":"https:\/\/scmotosportbrownsburg.com\/fr\/wp-json\/wp\/v2\/comments?post=2557"}],"version-history":[{"count":4,"href":"https:\/\/scmotosportbrownsburg.com\/fr\/wp-json\/wp\/v2\/pages\/2557\/revisions"}],"predecessor-version":[{"id":2562,"href":"https:\/\/scmotosportbrownsburg.com\/fr\/wp-json\/wp\/v2\/pages\/2557\/revisions\/2562"}],"wp:featuredmedia":[{"embeddable":true,"href":"https:\/\/scmotosportbrownsburg.com\/fr\/wp-json\/wp\/v2\/media\/2431"}],"wp:attachment":[{"href":"https:\/\/scmotosportbrownsburg.com\/fr\/wp-json\/wp\/v2\/media?parent=2557"}],"curies":[{"name":"wp","href":"https:\/\/api.w.org\/{rel}","templated":true}]}}