{"id":2534,"date":"2024-02-16T13:08:33","date_gmt":"2024-02-16T18:08:33","guid":{"rendered":"https:\/\/scmotosportbrownsburg.com\/privacy-policy\/"},"modified":"2025-01-21T12:43:40","modified_gmt":"2025-01-21T17:43:40","slug":"politique-de-confidentialite","status":"publish","type":"page","link":"https:\/\/scmotosportbrownsburg.com\/fr\/politique-de-confidentialite\/","title":{"rendered":"POLITIQUE DE CONFIDENTIALIT\u00c9"},"content":{"rendered":"\n<div class=\"entry-content\">\n<p><strong>Introduction<\/strong><\/p>\n<p>Avec le d\u00e9veloppement de nouveaux outils de communication, il est n\u00e9cessaire d&rsquo;accorder une attention particuli\u00e8re \u00e0 la protection de la vie priv\u00e9e. C&rsquo;est pourquoi nous nous engageons \u00e0 respecter la confidentialit\u00e9 des informations personnelles que nous recueillons.<\/p>\n<h2>Collecte d&rsquo;informations personnelles<\/h2>\n<ul>\n<li>Pr\u00e9nom<\/li>\n<li>Adresse postale<\/li>\n<li>Code postal<\/li>\n<li>Adresse e-mail<\/li>\n<li>T\u00e9l\u00e9phone \/ num\u00e9ro de fax<\/li>\n<\/ul>\n<p>Les informations personnelles que nous recueillons sont collect\u00e9es par le biais de formulaires et gr\u00e2ce \u00e0 l&rsquo;interactivit\u00e9 \u00e9tablie entre vous et notre site web. Comme indiqu\u00e9 dans la section suivante, nous utilisons \u00e9galement des cookies et\/ou des fichiers journaux pour collecter des informations vous concernant.<\/p>\n<h2>Formulaires et interactivit\u00e9 :<\/h2>\n<p>Vos informations personnelles sont collect\u00e9es via les formulaires suivants :<\/p>\n<ul>\n<li>Formulaire d&rsquo;inscription au site web<\/li>\n<\/ul>\n<p>Nous utilisons les informations collect\u00e9es aux fins suivantes :<\/p>\n<ul>\n<li>Statistiques<\/li>\n<li>Contact<\/li>\n<\/ul>\n<p>Vos informations sont \u00e9galement collect\u00e9es par le biais de l&rsquo;interactivit\u00e9 qui peut s&rsquo;\u00e9tablir entre vous et notre site Web de la mani\u00e8re suivante :<\/p>\n<ul>\n<li>Retour d&rsquo;information<\/li>\n<li>Courrier<\/li>\n<\/ul>\n<p>Nous utilisons les informations collect\u00e9es aux fins suivantes :<\/p>\n<ul>\n<li>Statistiques<\/li>\n<li>Contact<\/li>\n<\/ul>\n<h2>Droit d&rsquo;opposition et de retrait<\/h2>\n<p>Nous nous engageons \u00e0 vous offrir le droit de vous opposer \u00e0 l&rsquo;utilisation de vos informations personnelles et le droit de retirer votre consentement \u00e0 cette utilisation.<br>Le droit de retrait est la possibilit\u00e9 offerte aux internautes de demander que leurs informations personnelles ne figurent plus, par exemple, sur une liste de diffusion.<\/p>\n<p><strong>Pour exercer ces droits, vous pouvez<\/strong><br>Par courrier : 251 Rue des \u00c9rables, Brownsburg, QC J8G 3C4, Canada<br>Email: s.c.motosport@hotmail.com<br>T\u00e9l\u00e9phone: 450-533-4467<br>Personne responsable : Scott Cameron<br>Section du site : Tout le site<\/p>\n<h2>Droit d&rsquo;acc\u00e8s<\/h2>\n<p>Nous nous engageons \u00e0 accorder un droit d&rsquo;acc\u00e8s et de rectification aux personnes concern\u00e9es qui souhaitent consulter, modifier ou m\u00eame supprimer les informations les concernant.<\/p>\n<p><strong>Ce droit peut \u00eatre exerc\u00e9 par :<\/strong><br>Par courrier : 251 Rue des \u00c9rables, Brownsburg, QC J8G 3C4, Canada<br>Email: s.c.motosport@hotmail.com<br>T\u00e9l\u00e9phone: 450-533-4467<br>Personne responsable : Scott Cameron<br>Section du site : Tout le site<\/p>\n<h2>S\u00e9curit\u00e9<\/h2>\n<p>Les informations personnelles que nous recueillons sont conserv\u00e9es dans un environnement s\u00e9curis\u00e9. Les personnes qui travaillent pour nous sont tenues de respecter la confidentialit\u00e9 de vos informations.<br>Pour garantir la s\u00e9curit\u00e9 de vos informations personnelles, nous utilisons les mesures suivantes :<\/p>\n<ul>\n<li>Protocole SSL<\/li>\n<li>Gestion de l&rsquo;acc\u00e8s &#8211; personne autoris\u00e9e<\/li>\n<li>Gestion de l&rsquo;acc\u00e8s &#8211; personne concern\u00e9e<\/li>\n<li>Logiciel de surveillance du r\u00e9seau<\/li>\n<li>Sauvegarde informatique<\/li>\n<li>Login \/ mot de passe<\/li>\n<li>Firewall<\/li>\n<\/ul>\n<p>Nous nous engageons \u00e0 maintenir un haut degr\u00e9 de confidentialit\u00e9 en int\u00e9grant les derni\u00e8res innovations technologiques pour assurer la confidentialit\u00e9 de vos transactions. Toutefois, comme aucun m\u00e9canisme n&rsquo;offre une s\u00e9curit\u00e9 maximale, il existe toujours un \u00e9l\u00e9ment de risque lorsqu&rsquo;on utilise l&rsquo;Internet pour transmettre des informations personnelles.<\/p>\n<h2>L\u00e9gislation<\/h2>\n<p>Nous nous engageons \u00e0 respecter les dispositions l\u00e9gislatives \u00e9nonc\u00e9es au :<br>L\u00e9gislation: Loi 25<\/p>\n<\/div>\n","protected":false},"excerpt":{"rendered":"<p>Introduction Avec le d\u00e9veloppement de nouveaux outils de communication, il est n\u00e9cessaire d&rsquo;accorder une attention particuli\u00e8re \u00e0 la protection de la vie priv\u00e9e. C&rsquo;est pourquoi nous nous engageons \u00e0 respecter la confidentialit\u00e9 des informations personnelles que nous recueillons. Collecte d&rsquo;informations personnelles Pr\u00e9nom Adresse postale Code postal Adresse e-mail T\u00e9l\u00e9phone \/ num\u00e9ro de fax Les informations [&hellip;]<\/p>\n","protected":false},"author":1,"featured_media":0,"parent":0,"menu_order":0,"comment_status":"closed","ping_status":"closed","template":"","meta":{"footnotes":""},"class_list":["post-2534","page","type-page","status-publish","hentry","entry"],"yoast_head":"<!-- This site is optimized with the Yoast SEO plugin v25.6 - https:\/\/yoast.com\/wordpress\/plugins\/seo\/ -->\n<title>POLITIQUE DE CONFIDENTIALIT\u00c9 | S.C. Motosport<\/title>\n<meta name=\"robots\" content=\"index, follow, max-snippet:-1, max-image-preview:large, max-video-preview:-1\" \/>\n<link rel=\"canonical\" href=\"https:\/\/scmotosportbrownsburg.com\/fr\/politique-de-confidentialite\/\" \/>\n<meta property=\"og:locale\" content=\"fr_FR\" \/>\n<meta property=\"og:type\" content=\"article\" \/>\n<meta property=\"og:title\" content=\"POLITIQUE DE CONFIDENTIALIT\u00c9 | S.C. Motosport\" \/>\n<meta property=\"og:description\" content=\"Introduction Avec le d\u00e9veloppement de nouveaux outils de communication, il est n\u00e9cessaire d&rsquo;accorder une attention particuli\u00e8re \u00e0 la protection de la vie priv\u00e9e. C&rsquo;est pourquoi nous nous engageons \u00e0 respecter la confidentialit\u00e9 des informations personnelles que nous recueillons. Collecte d&rsquo;informations personnelles Pr\u00e9nom Adresse postale Code postal Adresse e-mail T\u00e9l\u00e9phone \/ num\u00e9ro de fax Les informations [&hellip;]\" \/>\n<meta property=\"og:url\" content=\"https:\/\/scmotosportbrownsburg.com\/fr\/politique-de-confidentialite\/\" \/>\n<meta property=\"og:site_name\" content=\"S.C. Motosport\" \/>\n<meta property=\"article:modified_time\" content=\"2025-01-21T17:43:40+00:00\" \/>\n<meta name=\"twitter:label1\" content=\"Dur\u00e9e de lecture estim\u00e9e\" \/>\n\t<meta name=\"twitter:data1\" content=\"2 minutes\" \/>\n<script type=\"application\/ld+json\" class=\"yoast-schema-graph\">{\"@context\":\"https:\/\/schema.org\",\"@graph\":[{\"@type\":\"WebPage\",\"@id\":\"https:\/\/scmotosportbrownsburg.com\/fr\/politique-de-confidentialite\/\",\"url\":\"https:\/\/scmotosportbrownsburg.com\/fr\/politique-de-confidentialite\/\",\"name\":\"POLITIQUE DE CONFIDENTIALIT\u00c9 | S.C. Motosport\",\"isPartOf\":{\"@id\":\"http:\/\/www.scmotosportbrownsburg.com\/fr\/#website\"},\"datePublished\":\"2024-02-16T18:08:33+00:00\",\"dateModified\":\"2025-01-21T17:43:40+00:00\",\"breadcrumb\":{\"@id\":\"https:\/\/scmotosportbrownsburg.com\/fr\/politique-de-confidentialite\/#breadcrumb\"},\"inLanguage\":\"fr-FR\",\"potentialAction\":[{\"@type\":\"ReadAction\",\"target\":[\"https:\/\/scmotosportbrownsburg.com\/fr\/politique-de-confidentialite\/\"]}]},{\"@type\":\"BreadcrumbList\",\"@id\":\"https:\/\/scmotosportbrownsburg.com\/fr\/politique-de-confidentialite\/#breadcrumb\",\"itemListElement\":[{\"@type\":\"ListItem\",\"position\":1,\"name\":\"Home\",\"item\":\"http:\/\/www.scmotosportbrownsburg.com\/fr\/\"},{\"@type\":\"ListItem\",\"position\":2,\"name\":\"POLITIQUE DE CONFIDENTIALIT\u00c9\"}]},{\"@type\":\"WebSite\",\"@id\":\"http:\/\/www.scmotosportbrownsburg.com\/fr\/#website\",\"url\":\"http:\/\/www.scmotosportbrownsburg.com\/fr\/\",\"name\":\"S.C. Motosport\",\"description\":\"\",\"publisher\":{\"@id\":\"http:\/\/www.scmotosportbrownsburg.com\/fr\/#organization\"},\"potentialAction\":[{\"@type\":\"SearchAction\",\"target\":{\"@type\":\"EntryPoint\",\"urlTemplate\":\"http:\/\/www.scmotosportbrownsburg.com\/fr\/?s={search_term_string}\"},\"query-input\":{\"@type\":\"PropertyValueSpecification\",\"valueRequired\":true,\"valueName\":\"search_term_string\"}}],\"inLanguage\":\"fr-FR\"},{\"@type\":\"Organization\",\"@id\":\"http:\/\/www.scmotosportbrownsburg.com\/fr\/#organization\",\"name\":\"S.C. Motosport\",\"url\":\"http:\/\/www.scmotosportbrownsburg.com\/fr\/\",\"logo\":{\"@type\":\"ImageObject\",\"inLanguage\":\"fr-FR\",\"@id\":\"http:\/\/www.scmotosportbrownsburg.com\/fr\/#\/schema\/logo\/image\/\",\"url\":\"https:\/\/scmotosportbrownsburg.com\/wp-content\/uploads\/2019\/09\/LOGO.FINAL_.SCMOTOSPORT.png\",\"contentUrl\":\"https:\/\/scmotosportbrownsburg.com\/wp-content\/uploads\/2019\/09\/LOGO.FINAL_.SCMOTOSPORT.png\",\"width\":1192,\"height\":575,\"caption\":\"S.C. Motosport\"},\"image\":{\"@id\":\"http:\/\/www.scmotosportbrownsburg.com\/fr\/#\/schema\/logo\/image\/\"}}]}<\/script>\n<!-- \/ Yoast SEO plugin. -->","yoast_head_json":{"title":"POLITIQUE DE CONFIDENTIALIT\u00c9 | S.C. Motosport","robots":{"index":"index","follow":"follow","max-snippet":"max-snippet:-1","max-image-preview":"max-image-preview:large","max-video-preview":"max-video-preview:-1"},"canonical":"https:\/\/scmotosportbrownsburg.com\/fr\/politique-de-confidentialite\/","og_locale":"fr_FR","og_type":"article","og_title":"POLITIQUE DE CONFIDENTIALIT\u00c9 | S.C. Motosport","og_description":"Introduction Avec le d\u00e9veloppement de nouveaux outils de communication, il est n\u00e9cessaire d&rsquo;accorder une attention particuli\u00e8re \u00e0 la protection de la vie priv\u00e9e. C&rsquo;est pourquoi nous nous engageons \u00e0 respecter la confidentialit\u00e9 des informations personnelles que nous recueillons. Collecte d&rsquo;informations personnelles Pr\u00e9nom Adresse postale Code postal Adresse e-mail T\u00e9l\u00e9phone \/ num\u00e9ro de fax Les informations [&hellip;]","og_url":"https:\/\/scmotosportbrownsburg.com\/fr\/politique-de-confidentialite\/","og_site_name":"S.C. Motosport","article_modified_time":"2025-01-21T17:43:40+00:00","twitter_misc":{"Dur\u00e9e de lecture estim\u00e9e":"2 minutes"},"schema":{"@context":"https:\/\/schema.org","@graph":[{"@type":"WebPage","@id":"https:\/\/scmotosportbrownsburg.com\/fr\/politique-de-confidentialite\/","url":"https:\/\/scmotosportbrownsburg.com\/fr\/politique-de-confidentialite\/","name":"POLITIQUE DE CONFIDENTIALIT\u00c9 | S.C. Motosport","isPartOf":{"@id":"http:\/\/www.scmotosportbrownsburg.com\/fr\/#website"},"datePublished":"2024-02-16T18:08:33+00:00","dateModified":"2025-01-21T17:43:40+00:00","breadcrumb":{"@id":"https:\/\/scmotosportbrownsburg.com\/fr\/politique-de-confidentialite\/#breadcrumb"},"inLanguage":"fr-FR","potentialAction":[{"@type":"ReadAction","target":["https:\/\/scmotosportbrownsburg.com\/fr\/politique-de-confidentialite\/"]}]},{"@type":"BreadcrumbList","@id":"https:\/\/scmotosportbrownsburg.com\/fr\/politique-de-confidentialite\/#breadcrumb","itemListElement":[{"@type":"ListItem","position":1,"name":"Home","item":"http:\/\/www.scmotosportbrownsburg.com\/fr\/"},{"@type":"ListItem","position":2,"name":"POLITIQUE DE CONFIDENTIALIT\u00c9"}]},{"@type":"WebSite","@id":"http:\/\/www.scmotosportbrownsburg.com\/fr\/#website","url":"http:\/\/www.scmotosportbrownsburg.com\/fr\/","name":"S.C. Motosport","description":"","publisher":{"@id":"http:\/\/www.scmotosportbrownsburg.com\/fr\/#organization"},"potentialAction":[{"@type":"SearchAction","target":{"@type":"EntryPoint","urlTemplate":"http:\/\/www.scmotosportbrownsburg.com\/fr\/?s={search_term_string}"},"query-input":{"@type":"PropertyValueSpecification","valueRequired":true,"valueName":"search_term_string"}}],"inLanguage":"fr-FR"},{"@type":"Organization","@id":"http:\/\/www.scmotosportbrownsburg.com\/fr\/#organization","name":"S.C. Motosport","url":"http:\/\/www.scmotosportbrownsburg.com\/fr\/","logo":{"@type":"ImageObject","inLanguage":"fr-FR","@id":"http:\/\/www.scmotosportbrownsburg.com\/fr\/#\/schema\/logo\/image\/","url":"https:\/\/scmotosportbrownsburg.com\/wp-content\/uploads\/2019\/09\/LOGO.FINAL_.SCMOTOSPORT.png","contentUrl":"https:\/\/scmotosportbrownsburg.com\/wp-content\/uploads\/2019\/09\/LOGO.FINAL_.SCMOTOSPORT.png","width":1192,"height":575,"caption":"S.C. Motosport"},"image":{"@id":"http:\/\/www.scmotosportbrownsburg.com\/fr\/#\/schema\/logo\/image\/"}}]}},"_links":{"self":[{"href":"https:\/\/scmotosportbrownsburg.com\/fr\/wp-json\/wp\/v2\/pages\/2534"}],"collection":[{"href":"https:\/\/scmotosportbrownsburg.com\/fr\/wp-json\/wp\/v2\/pages"}],"about":[{"href":"https:\/\/scmotosportbrownsburg.com\/fr\/wp-json\/wp\/v2\/types\/page"}],"author":[{"embeddable":true,"href":"https:\/\/scmotosportbrownsburg.com\/fr\/wp-json\/wp\/v2\/users\/1"}],"replies":[{"embeddable":true,"href":"https:\/\/scmotosportbrownsburg.com\/fr\/wp-json\/wp\/v2\/comments?post=2534"}],"version-history":[{"count":5,"href":"https:\/\/scmotosportbrownsburg.com\/fr\/wp-json\/wp\/v2\/pages\/2534\/revisions"}],"predecessor-version":[{"id":2544,"href":"https:\/\/scmotosportbrownsburg.com\/fr\/wp-json\/wp\/v2\/pages\/2534\/revisions\/2544"}],"wp:attachment":[{"href":"https:\/\/scmotosportbrownsburg.com\/fr\/wp-json\/wp\/v2\/media?parent=2534"}],"curies":[{"name":"wp","href":"https:\/\/api.w.org\/{rel}","templated":true}]}}