{"id":2509,"date":"2020-02-21T14:04:39","date_gmt":"2020-02-21T19:04:39","guid":{"rendered":"https:\/\/scmotosportbrownsburg.com\/beta-motorcycles\/"},"modified":"2025-10-09T15:45:12","modified_gmt":"2025-10-09T19:45:12","slug":"motos-beta","status":"publish","type":"page","link":"https:\/\/scmotosportbrownsburg.com\/fr\/motos-beta\/","title":{"rendered":"MOTOS BETA"},"content":{"rendered":"<div class=\"one-half first\">\n<p>BETA Canada est l&rsquo;importateur ind\u00e9pendant et autoris\u00e9 de Betamotor S.P.A. au Canada. Nous sommes des pilotes d&rsquo;enduro passionn\u00e9s qui n&rsquo;avaient pas l&rsquo;intention de se lancer dans le commerce de la moto. La d\u00e9cision s&rsquo;est av\u00e9r\u00e9e facile \u00e0 prendre &#8211; Betamotor est un petit fabricant de motos passionn\u00e9 et prosp\u00e8re bas\u00e9 dans la petite ville de Rignano Sull&rsquo; Arno, en Italie.  Ce sont les produits de BETA qui ont suscit\u00e9 notre int\u00e9r\u00eat, mais c&rsquo;est l&rsquo;entreprise elle-m\u00eame qui a gagn\u00e9 notre respect et notre d\u00e9sir de nous impliquer davantage.<\/p>\n<\/div>\n\n\n<div class=\"one-half\">\n<p><img loading=\"lazy\" decoding=\"async\" class=\"aligncenter wp-image-1213\" src=\"https:\/\/scmotosportbrownsburg.com\/wp-content\/uploads\/2020\/02\/Screen-Shot-2020-02-21-at-2.10.26-PM.png\" alt=\"\" width=\"227\" height=\"220\" \/><\/p>\n<\/div>\n\n\n<div class=\"clear\"><\/div>\n\n\n<div class=\"clear-line\"><\/div>\n\n\n\n<p>Si vous envisagez d&rsquo;acheter une moto BETA, nous avons un point commun : nous avons \u00e9t\u00e9 \u00e0 votre place. A la recherche d&rsquo;une moto tout-terrain performante, fiable et comp\u00e9titive qui nous emm\u00e8nerait \u00e0 l&rsquo;aventure, nous avons d\u00e9couvert tout cela et bien plus encore lorsque nous avons fait l&rsquo;exp\u00e9rience de BETA pour la premi\u00e8re fois. Ce qui nous a le plus surpris, c&rsquo;est la facilit\u00e9 avec laquelle il \u00e9tait possible de poss\u00e9der une BETA. Nous avons rapidement compris qu&rsquo;il ne s&rsquo;agissait pas d&rsquo;une moto tout-terrain ordinaire, nous passions moins de temps \u00e0 travailler sur nos motos et plus de temps \u00e0 rouler. Notre devise personnelle est d\u00e9sormais : \u00ab moins de travail\u2026. plus de conduite \u00bb.<\/p>\n\n\n\n<p>Nous sommes des pilotes hors route et le fournisseur canadien de l&rsquo;un des meilleurs fabricants de motos hors route connus dans le monde de l&rsquo;enduro. Nous avons les concessionnaires les plus passionn\u00e9s qui roulent aussi, ils sont pr\u00eats \u00e0 vous servir. Achetez une BETA et faites l&rsquo;exp\u00e9rience d&rsquo;une moto qui vous emm\u00e8nera l\u00e0 o\u00f9 vous voulez aller.<\/p>\n\n\n\n<h3 class=\"wp-block-heading\">MINITRIAL \u00c9LECTRIQUE<\/h3>\n\n\n<div class=\"one-third first\">\n\n\n<div class=\"wp-block-image\">\n<figure class=\"aligncenter\"><a href=\"https:\/\/www.betamotor.com\/en\/moto\/minitrial-electric-16\/\"><img loading=\"lazy\" decoding=\"async\" width=\"300\" height=\"182\" src=\"https:\/\/scmotosportbrownsburg.com\/wp-content\/uploads\/2023\/01\/Minitrial16-MY2021_Gallery-300x182.jpg\" alt=\"\" class=\"wp-image-1635\" srcset=\"https:\/\/scmotosportbrownsburg.com\/wp-content\/uploads\/2023\/01\/Minitrial16-MY2021_Gallery-300x182.jpg 300w, https:\/\/scmotosportbrownsburg.com\/wp-content\/uploads\/2023\/01\/Minitrial16-MY2021_Gallery-1024x620.jpg 1024w, https:\/\/scmotosportbrownsburg.com\/wp-content\/uploads\/2023\/01\/Minitrial16-MY2021_Gallery-768x465.jpg 768w, https:\/\/scmotosportbrownsburg.com\/wp-content\/uploads\/2023\/01\/Minitrial16-MY2021_Gallery.jpg 1322w\" sizes=\"(max-width: 300px) 100vw, 300px\" \/><\/a><figcaption class=\"wp-element-caption\">MINITRIAL E16<\/figcaption><\/figure><\/div>\n\n\n<\/div><div class=\"one-third\">\n\n\n<div class=\"wp-block-image\">\n<figure class=\"aligncenter\"><a href=\"https:\/\/www.betamotor.com\/en\/moto\/minitrial-electric-20\/\"><img loading=\"lazy\" decoding=\"async\" width=\"300\" height=\"182\" src=\"https:\/\/scmotosportbrownsburg.com\/wp-content\/uploads\/2023\/01\/Minitrial20-MY2021_Gallery-300x182.jpg\" alt=\"\" class=\"wp-image-1636\" srcset=\"https:\/\/scmotosportbrownsburg.com\/wp-content\/uploads\/2023\/01\/Minitrial20-MY2021_Gallery-300x182.jpg 300w, https:\/\/scmotosportbrownsburg.com\/wp-content\/uploads\/2023\/01\/Minitrial20-MY2021_Gallery-1024x620.jpg 1024w, https:\/\/scmotosportbrownsburg.com\/wp-content\/uploads\/2023\/01\/Minitrial20-MY2021_Gallery-768x465.jpg 768w, https:\/\/scmotosportbrownsburg.com\/wp-content\/uploads\/2023\/01\/Minitrial20-MY2021_Gallery.jpg 1322w\" sizes=\"(max-width: 300px) 100vw, 300px\" \/><\/a><figcaption class=\"wp-element-caption\">MINITRIAL E20<\/figcaption><\/figure><\/div>\n\n\n<\/div><div class=\"one-third\">\n\n\n<div class=\"wp-block-image\">\n<figure class=\"aligncenter\"><a href=\"https:\/\/scmotosportbrownsburg.com\/wp-content\/uploads\/2023\/10\/Minicross-E-My-2022_MOD.jpg\" data-rel=\"lightbox-image-0\" data-rl_title=\"\" data-rl_caption=\"\" title=\"\"><img loading=\"lazy\" decoding=\"async\" width=\"300\" height=\"182\" src=\"https:\/\/scmotosportbrownsburg.com\/wp-content\/uploads\/2023\/10\/Minicross-E-My-2022_MOD-300x182.jpg\" alt=\"\" class=\"wp-image-1786\" srcset=\"https:\/\/scmotosportbrownsburg.com\/wp-content\/uploads\/2023\/10\/Minicross-E-My-2022_MOD-300x182.jpg 300w, https:\/\/scmotosportbrownsburg.com\/wp-content\/uploads\/2023\/10\/Minicross-E-My-2022_MOD-1024x620.jpg 1024w, https:\/\/scmotosportbrownsburg.com\/wp-content\/uploads\/2023\/10\/Minicross-E-My-2022_MOD-768x465.jpg 768w, https:\/\/scmotosportbrownsburg.com\/wp-content\/uploads\/2023\/10\/Minicross-E-My-2022_MOD.jpg 1322w\" sizes=\"(max-width: 300px) 100vw, 300px\" \/><\/a><figcaption class=\"wp-element-caption\">Minicross E<\/figcaption><\/figure><\/div>\n\n\n<\/div><\/p>\n\n\n\n<h3 class=\"wp-block-heading\">ENDURO 2025<\/h3>\n\n\n<div class=\"one-third first\">\n\n\n<div class=\"wp-block-image wp-image-2004 size-medium\">\n<figure class=\"aligncenter\"><img loading=\"lazy\" decoding=\"async\" width=\"300\" height=\"182\" src=\"https:\/\/scmotosportbrownsburg.com\/wp-content\/uploads\/2024\/11\/RR-XPRO-200-2T-My-25--300x182.jpg\" alt=\"\" class=\"wp-image-2004\" srcset=\"https:\/\/scmotosportbrownsburg.com\/wp-content\/uploads\/2024\/11\/RR-XPRO-200-2T-My-25--300x182.jpg 300w, https:\/\/scmotosportbrownsburg.com\/wp-content\/uploads\/2024\/11\/RR-XPRO-200-2T-My-25--1024x620.jpg 1024w, https:\/\/scmotosportbrownsburg.com\/wp-content\/uploads\/2024\/11\/RR-XPRO-200-2T-My-25--768x465.jpg 768w, https:\/\/scmotosportbrownsburg.com\/wp-content\/uploads\/2024\/11\/RR-XPRO-200-2T-My-25-.jpg 1322w\" sizes=\"(max-width: 300px) 100vw, 300px\" \/><figcaption class=\"wp-element-caption\">2025 200rr 2 temps<\/figcaption><\/figure><\/div>\n\n\n<\/div><div class=\"one-third\">\n\n\n<div class=\"wp-block-image size-medium wp-image-2033\">\n<figure class=\"aligncenter\"><img loading=\"lazy\" decoding=\"async\" width=\"300\" height=\"182\" src=\"https:\/\/scmotosportbrownsburg.com\/wp-content\/uploads\/2024\/11\/RR-XPRO-300-2T-My-25-300x182.jpg\" alt=\"\" class=\"wp-image-2033\" srcset=\"https:\/\/scmotosportbrownsburg.com\/wp-content\/uploads\/2024\/11\/RR-XPRO-300-2T-My-25-300x182.jpg 300w, https:\/\/scmotosportbrownsburg.com\/wp-content\/uploads\/2024\/11\/RR-XPRO-300-2T-My-25-1024x620.jpg 1024w, https:\/\/scmotosportbrownsburg.com\/wp-content\/uploads\/2024\/11\/RR-XPRO-300-2T-My-25-768x465.jpg 768w, https:\/\/scmotosportbrownsburg.com\/wp-content\/uploads\/2024\/11\/RR-XPRO-300-2T-My-25.jpg 1322w\" sizes=\"(max-width: 300px) 100vw, 300px\" \/><figcaption class=\"wp-element-caption\">2025 300rr 2 temps<\/figcaption><\/figure><\/div>\n\n\n<p class=\"has-text-align-center\"><strong><mark style=\"background-color:rgba(0, 0, 0, 0)\" class=\"has-inline-color has-vivid-red-color\">1 en stock<\/mark><\/strong><\/p>\n\n\n\n<\/div><div class=\"one-third\">\n\n\n<div class=\"wp-block-image wp-image-2006 size-medium\">\n<figure class=\"aligncenter\"><img loading=\"lazy\" decoding=\"async\" width=\"300\" height=\"182\" src=\"https:\/\/scmotosportbrownsburg.com\/wp-content\/uploads\/2024\/11\/RR-XPRO-4T-My25-right-300x182.jpg\" alt=\"\" class=\"wp-image-2006\" srcset=\"https:\/\/scmotosportbrownsburg.com\/wp-content\/uploads\/2024\/11\/RR-XPRO-4T-My25-right-300x182.jpg 300w, https:\/\/scmotosportbrownsburg.com\/wp-content\/uploads\/2024\/11\/RR-XPRO-4T-My25-right-1024x620.jpg 1024w, https:\/\/scmotosportbrownsburg.com\/wp-content\/uploads\/2024\/11\/RR-XPRO-4T-My25-right-768x465.jpg 768w, https:\/\/scmotosportbrownsburg.com\/wp-content\/uploads\/2024\/11\/RR-XPRO-4T-My25-right.jpg 1322w\" sizes=\"(max-width: 300px) 100vw, 300px\" \/><figcaption class=\"wp-element-caption\">2025 350rr 4 temps<\/figcaption><\/figure><\/div>\n\n\n<\/div><\/p>\n\n\n<div class=\"one-third first\">\n\n\n<div class=\"wp-block-image size-medium wp-image-2021\">\n<figure class=\"aligncenter\"><img loading=\"lazy\" decoding=\"async\" width=\"300\" height=\"182\" src=\"https:\/\/scmotosportbrownsburg.com\/wp-content\/uploads\/2024\/11\/RR-Race-4T-My-25-300x182.jpg\" alt=\"\" class=\"wp-image-2021\" srcset=\"https:\/\/scmotosportbrownsburg.com\/wp-content\/uploads\/2024\/11\/RR-Race-4T-My-25-300x182.jpg 300w, https:\/\/scmotosportbrownsburg.com\/wp-content\/uploads\/2024\/11\/RR-Race-4T-My-25-1024x620.jpg 1024w, https:\/\/scmotosportbrownsburg.com\/wp-content\/uploads\/2024\/11\/RR-Race-4T-My-25-768x465.jpg 768w, https:\/\/scmotosportbrownsburg.com\/wp-content\/uploads\/2024\/11\/RR-Race-4T-My-25.jpg 1322w\" sizes=\"(max-width: 300px) 100vw, 300px\" \/><figcaption class=\"wp-element-caption\">2025 350cc Race Edition 4 temps<\/figcaption><\/figure><\/div>\n\n\n<\/div><div class=\"one-third\">\n\n\n<div class=\"wp-block-image size-medium wp-image-2023\">\n<figure class=\"aligncenter\"><img loading=\"lazy\" decoding=\"async\" width=\"300\" height=\"182\" src=\"https:\/\/scmotosportbrownsburg.com\/wp-content\/uploads\/2024\/11\/RR-Race-200-2T-My-25-300x182.jpg\" alt=\"\" class=\"wp-image-2023\" srcset=\"https:\/\/scmotosportbrownsburg.com\/wp-content\/uploads\/2024\/11\/RR-Race-200-2T-My-25-300x182.jpg 300w, https:\/\/scmotosportbrownsburg.com\/wp-content\/uploads\/2024\/11\/RR-Race-200-2T-My-25-1024x620.jpg 1024w, https:\/\/scmotosportbrownsburg.com\/wp-content\/uploads\/2024\/11\/RR-Race-200-2T-My-25-768x465.jpg 768w, https:\/\/scmotosportbrownsburg.com\/wp-content\/uploads\/2024\/11\/RR-Race-200-2T-My-25.jpg 1322w\" sizes=\"(max-width: 300px) 100vw, 300px\" \/><figcaption class=\"wp-element-caption\">2025 250cc race edition 2 temps<\/figcaption><\/figure><\/div>\n\n\n<p class=\"has-text-align-center\"><mark style=\"background-color:rgba(0, 0, 0, 0)\" class=\"has-inline-color has-vivid-red-color\">1 <strong>En Stock<\/strong><\/mark><\/p>\n\n\n\n<\/div><div class=\"one-third\">\n\n\n<div class=\"wp-block-image size-medium wp-image-2024\">\n<figure class=\"aligncenter\"><img loading=\"lazy\" decoding=\"async\" width=\"300\" height=\"182\" src=\"https:\/\/scmotosportbrownsburg.com\/wp-content\/uploads\/2024\/11\/RR-Race-300-2T-My-25-1-300x182.jpg\" alt=\"\" class=\"wp-image-2024\" srcset=\"https:\/\/scmotosportbrownsburg.com\/wp-content\/uploads\/2024\/11\/RR-Race-300-2T-My-25-1-300x182.jpg 300w, https:\/\/scmotosportbrownsburg.com\/wp-content\/uploads\/2024\/11\/RR-Race-300-2T-My-25-1-1024x620.jpg 1024w, https:\/\/scmotosportbrownsburg.com\/wp-content\/uploads\/2024\/11\/RR-Race-300-2T-My-25-1-768x465.jpg 768w, https:\/\/scmotosportbrownsburg.com\/wp-content\/uploads\/2024\/11\/RR-Race-300-2T-My-25-1.jpg 1322w\" sizes=\"(max-width: 300px) 100vw, 300px\" \/><figcaption class=\"wp-element-caption\">2025 300cc Race Edition 2 temps<\/figcaption><\/figure><\/div>\n\n\n<\/div><\/p>\n\n\n<div class=\"one-third first\">\n\n\n<div class=\"wp-block-image size-medium wp-image-2019\">\n<figure class=\"aligncenter\"><img loading=\"lazy\" decoding=\"async\" width=\"300\" height=\"182\" src=\"https:\/\/scmotosportbrownsburg.com\/wp-content\/uploads\/2024\/11\/125-300x182.jpg\" alt=\"\" class=\"wp-image-2019\" srcset=\"https:\/\/scmotosportbrownsburg.com\/wp-content\/uploads\/2024\/11\/125-300x182.jpg 300w, https:\/\/scmotosportbrownsburg.com\/wp-content\/uploads\/2024\/11\/125-1024x620.jpg 1024w, https:\/\/scmotosportbrownsburg.com\/wp-content\/uploads\/2024\/11\/125-768x465.jpg 768w, https:\/\/scmotosportbrownsburg.com\/wp-content\/uploads\/2024\/11\/125.jpg 1322w\" sizes=\"(max-width: 300px) 100vw, 300px\" \/><figcaption class=\"wp-element-caption\">2025 125cc Race Edition 2 temps<\/figcaption><\/figure><\/div>\n\n\n<\/div><div class=\"one-third\">\n\n\n<div class=\"wp-block-image size-medium wp-image-2018\">\n<figure class=\"aligncenter\"><img loading=\"lazy\" decoding=\"async\" width=\"300\" height=\"182\" src=\"https:\/\/scmotosportbrownsburg.com\/wp-content\/uploads\/2024\/11\/Xtrainer-300-300x182.jpg\" alt=\"\" class=\"wp-image-2018\" srcset=\"https:\/\/scmotosportbrownsburg.com\/wp-content\/uploads\/2024\/11\/Xtrainer-300-300x182.jpg 300w, https:\/\/scmotosportbrownsburg.com\/wp-content\/uploads\/2024\/11\/Xtrainer-300-1024x620.jpg 1024w, https:\/\/scmotosportbrownsburg.com\/wp-content\/uploads\/2024\/11\/Xtrainer-300-768x465.jpg 768w, https:\/\/scmotosportbrownsburg.com\/wp-content\/uploads\/2024\/11\/Xtrainer-300.jpg 1322w\" sizes=\"(max-width: 300px) 100vw, 300px\" \/><figcaption class=\"wp-element-caption\">2025 Xtrainer 300 2 temps<\/figcaption><\/figure><\/div>\n\n\n<\/div><div class=\"one-third\">\n\n\n<div class=\"wp-block-image size-medium wp-image-2016\">\n<figure class=\"aligncenter\"><img loading=\"lazy\" decoding=\"async\" width=\"300\" height=\"182\" src=\"https:\/\/scmotosportbrownsburg.com\/wp-content\/uploads\/2024\/11\/XTRAINER-My2025-300x182.jpg\" alt=\"\" class=\"wp-image-2016\" srcset=\"https:\/\/scmotosportbrownsburg.com\/wp-content\/uploads\/2024\/11\/XTRAINER-My2025-300x182.jpg 300w, https:\/\/scmotosportbrownsburg.com\/wp-content\/uploads\/2024\/11\/XTRAINER-My2025-1024x620.jpg 1024w, https:\/\/scmotosportbrownsburg.com\/wp-content\/uploads\/2024\/11\/XTRAINER-My2025-768x465.jpg 768w, https:\/\/scmotosportbrownsburg.com\/wp-content\/uploads\/2024\/11\/XTRAINER-My2025.jpg 1322w\" sizes=\"(max-width: 300px) 100vw, 300px\" \/><figcaption class=\"wp-element-caption\">2025 Xtrainer 250cc 2 temps<\/figcaption><\/figure><\/div>\n\n\n<\/div><\/p>\n\n\n\n<h3 class=\"wp-block-heading\"><\/h3>\n\n\n<div class=\"one-third first\">\n\n\n<div class=\"wp-block-image wp-image-2012 size-medium\">\n<figure class=\"aligncenter\"><img loading=\"lazy\" decoding=\"async\" width=\"300\" height=\"182\" src=\"https:\/\/scmotosportbrownsburg.com\/wp-content\/uploads\/2024\/11\/EVO-2T-125-MY25_left-300x182.jpg\" alt=\"\" class=\"wp-image-2012\" srcset=\"https:\/\/scmotosportbrownsburg.com\/wp-content\/uploads\/2024\/11\/EVO-2T-125-MY25_left-300x182.jpg 300w, https:\/\/scmotosportbrownsburg.com\/wp-content\/uploads\/2024\/11\/EVO-2T-125-MY25_left-1024x620.jpg 1024w, https:\/\/scmotosportbrownsburg.com\/wp-content\/uploads\/2024\/11\/EVO-2T-125-MY25_left-768x465.jpg 768w, https:\/\/scmotosportbrownsburg.com\/wp-content\/uploads\/2024\/11\/EVO-2T-125-MY25_left.jpg 1322w\" sizes=\"(max-width: 300px) 100vw, 300px\" \/><figcaption class=\"wp-element-caption\">EVO 2T 125\/250\/300 2025<\/figcaption><\/figure><\/div>\n\n\n<\/div><div class=\"one-third\"><strong><mark style=\"background-color:rgba(0, 0, 0, 0)\" class=\"has-inline-color has-vivid-red-color\">Trials 2025<\/mark><\/strong><\/p>\n\n\n<div class=\"wp-block-image size-medium wp-image-2014\">\n<figure class=\"aligncenter\"><img loading=\"lazy\" decoding=\"async\" width=\"300\" height=\"182\" src=\"https:\/\/scmotosportbrownsburg.com\/wp-content\/uploads\/2024\/11\/EVO-4T-300-MY24-300x182.jpg\" alt=\"\" class=\"wp-image-2014\" srcset=\"https:\/\/scmotosportbrownsburg.com\/wp-content\/uploads\/2024\/11\/EVO-4T-300-MY24-300x182.jpg 300w, https:\/\/scmotosportbrownsburg.com\/wp-content\/uploads\/2024\/11\/EVO-4T-300-MY24-1024x620.jpg 1024w, https:\/\/scmotosportbrownsburg.com\/wp-content\/uploads\/2024\/11\/EVO-4T-300-MY24-768x465.jpg 768w, https:\/\/scmotosportbrownsburg.com\/wp-content\/uploads\/2024\/11\/EVO-4T-300-MY24.jpg 1322w\" sizes=\"(max-width: 300px) 100vw, 300px\" \/><figcaption class=\"wp-element-caption\">EVO 4T 300 2025<\/figcaption><\/figure><\/div>\n\n\n<\/div><div class=\"one-third\">\n\n\n\n<\/div><\/p>\n\n\n<div class=\"one-third first\">\n<\/div>\n\n\n<div class=\"one-third\">\n<\/div>\n\n\n\n<div class=\"one-third\"><\/div>\n\n\n\n<p><\/p>\n","protected":false},"excerpt":{"rendered":"<p>Si vous envisagez d&rsquo;acheter une moto BETA, nous avons un point commun : nous avons \u00e9t\u00e9 \u00e0 votre place. A la recherche d&rsquo;une moto tout-terrain performante, fiable et comp\u00e9titive qui nous emm\u00e8nerait \u00e0 l&rsquo;aventure, nous avons d\u00e9couvert tout cela et bien plus encore lorsque nous avons fait l&rsquo;exp\u00e9rience de BETA pour la premi\u00e8re fois. Ce [&hellip;]<\/p>\n","protected":false},"author":1,"featured_media":0,"parent":0,"menu_order":0,"comment_status":"closed","ping_status":"closed","template":"","meta":{"footnotes":""},"class_list":["post-2509","page","type-page","status-publish","hentry","entry","has-post-thumbnail"],"yoast_head":"<!-- This site is optimized with the Yoast SEO plugin v25.6 - https:\/\/yoast.com\/wordpress\/plugins\/seo\/ -->\n<title>Beta motorcycles | S.C. Motosports<\/title>\n<meta name=\"description\" content=\"BETA Canada is the independent, authorized importer of Betamotor S.P.A. in Canada. We are off-road riders and the Canadian provider of one of the best off-road motorcycles.\" \/>\n<meta name=\"robots\" content=\"index, follow, max-snippet:-1, max-image-preview:large, max-video-preview:-1\" \/>\n<link rel=\"canonical\" href=\"https:\/\/scmotosportbrownsburg.com\/fr\/motos-beta\/\" \/>\n<meta property=\"og:locale\" content=\"fr_FR\" \/>\n<meta property=\"og:type\" content=\"article\" \/>\n<meta property=\"og:title\" content=\"Beta motorcycles | S.C. Motosports\" \/>\n<meta property=\"og:description\" content=\"BETA Canada is the independent, authorized importer of Betamotor S.P.A. in Canada. We are off-road riders and the Canadian provider of one of the best off-road motorcycles.\" \/>\n<meta property=\"og:url\" content=\"https:\/\/scmotosportbrownsburg.com\/fr\/motos-beta\/\" \/>\n<meta property=\"og:site_name\" content=\"S.C. Motosport\" \/>\n<meta property=\"article:modified_time\" content=\"2025-10-09T19:45:12+00:00\" \/>\n<meta property=\"og:image\" content=\"https:\/\/scmotosportbrownsburg.com\/wp-content\/uploads\/2020\/02\/Screen-Shot-2020-02-21-at-2.10.26-PM.png\" \/>\n\t<meta property=\"og:image:width\" content=\"284\" \/>\n\t<meta property=\"og:image:height\" content=\"275\" \/>\n\t<meta property=\"og:image:type\" content=\"image\/png\" \/>\n<meta name=\"twitter:label1\" content=\"Dur\u00e9e de lecture estim\u00e9e\" \/>\n\t<meta name=\"twitter:data1\" content=\"5 minutes\" \/>\n<script type=\"application\/ld+json\" class=\"yoast-schema-graph\">{\"@context\":\"https:\/\/schema.org\",\"@graph\":[{\"@type\":\"WebPage\",\"@id\":\"https:\/\/scmotosportbrownsburg.com\/fr\/motos-beta\/\",\"url\":\"https:\/\/scmotosportbrownsburg.com\/fr\/motos-beta\/\",\"name\":\"Beta motorcycles | S.C. Motosports\",\"isPartOf\":{\"@id\":\"http:\/\/www.scmotosportbrownsburg.com\/fr\/#website\"},\"primaryImageOfPage\":{\"@id\":\"https:\/\/scmotosportbrownsburg.com\/fr\/motos-beta\/#primaryimage\"},\"image\":{\"@id\":\"https:\/\/scmotosportbrownsburg.com\/fr\/motos-beta\/#primaryimage\"},\"thumbnailUrl\":\"https:\/\/scmotosportbrownsburg.com\/wp-content\/uploads\/2020\/02\/Screen-Shot-2020-02-21-at-2.10.26-PM.png\",\"datePublished\":\"2020-02-21T19:04:39+00:00\",\"dateModified\":\"2025-10-09T19:45:12+00:00\",\"description\":\"BETA Canada is the independent, authorized importer of Betamotor S.P.A. in Canada. We are off-road riders and the Canadian provider of one of the best off-road motorcycles.\",\"breadcrumb\":{\"@id\":\"https:\/\/scmotosportbrownsburg.com\/fr\/motos-beta\/#breadcrumb\"},\"inLanguage\":\"fr-FR\",\"potentialAction\":[{\"@type\":\"ReadAction\",\"target\":[\"https:\/\/scmotosportbrownsburg.com\/fr\/motos-beta\/\"]}]},{\"@type\":\"ImageObject\",\"inLanguage\":\"fr-FR\",\"@id\":\"https:\/\/scmotosportbrownsburg.com\/fr\/motos-beta\/#primaryimage\",\"url\":\"https:\/\/scmotosportbrownsburg.com\/wp-content\/uploads\/2020\/02\/Screen-Shot-2020-02-21-at-2.10.26-PM.png\",\"contentUrl\":\"https:\/\/scmotosportbrownsburg.com\/wp-content\/uploads\/2020\/02\/Screen-Shot-2020-02-21-at-2.10.26-PM.png\"},{\"@type\":\"BreadcrumbList\",\"@id\":\"https:\/\/scmotosportbrownsburg.com\/fr\/motos-beta\/#breadcrumb\",\"itemListElement\":[{\"@type\":\"ListItem\",\"position\":1,\"name\":\"Home\",\"item\":\"http:\/\/www.scmotosportbrownsburg.com\/fr\/\"},{\"@type\":\"ListItem\",\"position\":2,\"name\":\"MOTOS BETA\"}]},{\"@type\":\"WebSite\",\"@id\":\"http:\/\/www.scmotosportbrownsburg.com\/fr\/#website\",\"url\":\"http:\/\/www.scmotosportbrownsburg.com\/fr\/\",\"name\":\"S.C. Motosport\",\"description\":\"\",\"publisher\":{\"@id\":\"http:\/\/www.scmotosportbrownsburg.com\/fr\/#organization\"},\"potentialAction\":[{\"@type\":\"SearchAction\",\"target\":{\"@type\":\"EntryPoint\",\"urlTemplate\":\"http:\/\/www.scmotosportbrownsburg.com\/fr\/?s={search_term_string}\"},\"query-input\":{\"@type\":\"PropertyValueSpecification\",\"valueRequired\":true,\"valueName\":\"search_term_string\"}}],\"inLanguage\":\"fr-FR\"},{\"@type\":\"Organization\",\"@id\":\"http:\/\/www.scmotosportbrownsburg.com\/fr\/#organization\",\"name\":\"S.C. Motosport\",\"url\":\"http:\/\/www.scmotosportbrownsburg.com\/fr\/\",\"logo\":{\"@type\":\"ImageObject\",\"inLanguage\":\"fr-FR\",\"@id\":\"http:\/\/www.scmotosportbrownsburg.com\/fr\/#\/schema\/logo\/image\/\",\"url\":\"https:\/\/scmotosportbrownsburg.com\/wp-content\/uploads\/2019\/09\/LOGO.FINAL_.SCMOTOSPORT.png\",\"contentUrl\":\"https:\/\/scmotosportbrownsburg.com\/wp-content\/uploads\/2019\/09\/LOGO.FINAL_.SCMOTOSPORT.png\",\"width\":1192,\"height\":575,\"caption\":\"S.C. Motosport\"},\"image\":{\"@id\":\"http:\/\/www.scmotosportbrownsburg.com\/fr\/#\/schema\/logo\/image\/\"}}]}<\/script>\n<!-- \/ Yoast SEO plugin. -->","yoast_head_json":{"title":"Beta motorcycles | S.C. Motosports","description":"BETA Canada is the independent, authorized importer of Betamotor S.P.A. in Canada. We are off-road riders and the Canadian provider of one of the best off-road motorcycles.","robots":{"index":"index","follow":"follow","max-snippet":"max-snippet:-1","max-image-preview":"max-image-preview:large","max-video-preview":"max-video-preview:-1"},"canonical":"https:\/\/scmotosportbrownsburg.com\/fr\/motos-beta\/","og_locale":"fr_FR","og_type":"article","og_title":"Beta motorcycles | S.C. Motosports","og_description":"BETA Canada is the independent, authorized importer of Betamotor S.P.A. in Canada. We are off-road riders and the Canadian provider of one of the best off-road motorcycles.","og_url":"https:\/\/scmotosportbrownsburg.com\/fr\/motos-beta\/","og_site_name":"S.C. Motosport","article_modified_time":"2025-10-09T19:45:12+00:00","og_image":[{"width":284,"height":275,"url":"https:\/\/scmotosportbrownsburg.com\/wp-content\/uploads\/2020\/02\/Screen-Shot-2020-02-21-at-2.10.26-PM.png","type":"image\/png"}],"twitter_misc":{"Dur\u00e9e de lecture estim\u00e9e":"5 minutes"},"schema":{"@context":"https:\/\/schema.org","@graph":[{"@type":"WebPage","@id":"https:\/\/scmotosportbrownsburg.com\/fr\/motos-beta\/","url":"https:\/\/scmotosportbrownsburg.com\/fr\/motos-beta\/","name":"Beta motorcycles | S.C. Motosports","isPartOf":{"@id":"http:\/\/www.scmotosportbrownsburg.com\/fr\/#website"},"primaryImageOfPage":{"@id":"https:\/\/scmotosportbrownsburg.com\/fr\/motos-beta\/#primaryimage"},"image":{"@id":"https:\/\/scmotosportbrownsburg.com\/fr\/motos-beta\/#primaryimage"},"thumbnailUrl":"https:\/\/scmotosportbrownsburg.com\/wp-content\/uploads\/2020\/02\/Screen-Shot-2020-02-21-at-2.10.26-PM.png","datePublished":"2020-02-21T19:04:39+00:00","dateModified":"2025-10-09T19:45:12+00:00","description":"BETA Canada is the independent, authorized importer of Betamotor S.P.A. in Canada. We are off-road riders and the Canadian provider of one of the best off-road motorcycles.","breadcrumb":{"@id":"https:\/\/scmotosportbrownsburg.com\/fr\/motos-beta\/#breadcrumb"},"inLanguage":"fr-FR","potentialAction":[{"@type":"ReadAction","target":["https:\/\/scmotosportbrownsburg.com\/fr\/motos-beta\/"]}]},{"@type":"ImageObject","inLanguage":"fr-FR","@id":"https:\/\/scmotosportbrownsburg.com\/fr\/motos-beta\/#primaryimage","url":"https:\/\/scmotosportbrownsburg.com\/wp-content\/uploads\/2020\/02\/Screen-Shot-2020-02-21-at-2.10.26-PM.png","contentUrl":"https:\/\/scmotosportbrownsburg.com\/wp-content\/uploads\/2020\/02\/Screen-Shot-2020-02-21-at-2.10.26-PM.png"},{"@type":"BreadcrumbList","@id":"https:\/\/scmotosportbrownsburg.com\/fr\/motos-beta\/#breadcrumb","itemListElement":[{"@type":"ListItem","position":1,"name":"Home","item":"http:\/\/www.scmotosportbrownsburg.com\/fr\/"},{"@type":"ListItem","position":2,"name":"MOTOS BETA"}]},{"@type":"WebSite","@id":"http:\/\/www.scmotosportbrownsburg.com\/fr\/#website","url":"http:\/\/www.scmotosportbrownsburg.com\/fr\/","name":"S.C. Motosport","description":"","publisher":{"@id":"http:\/\/www.scmotosportbrownsburg.com\/fr\/#organization"},"potentialAction":[{"@type":"SearchAction","target":{"@type":"EntryPoint","urlTemplate":"http:\/\/www.scmotosportbrownsburg.com\/fr\/?s={search_term_string}"},"query-input":{"@type":"PropertyValueSpecification","valueRequired":true,"valueName":"search_term_string"}}],"inLanguage":"fr-FR"},{"@type":"Organization","@id":"http:\/\/www.scmotosportbrownsburg.com\/fr\/#organization","name":"S.C. Motosport","url":"http:\/\/www.scmotosportbrownsburg.com\/fr\/","logo":{"@type":"ImageObject","inLanguage":"fr-FR","@id":"http:\/\/www.scmotosportbrownsburg.com\/fr\/#\/schema\/logo\/image\/","url":"https:\/\/scmotosportbrownsburg.com\/wp-content\/uploads\/2019\/09\/LOGO.FINAL_.SCMOTOSPORT.png","contentUrl":"https:\/\/scmotosportbrownsburg.com\/wp-content\/uploads\/2019\/09\/LOGO.FINAL_.SCMOTOSPORT.png","width":1192,"height":575,"caption":"S.C. Motosport"},"image":{"@id":"http:\/\/www.scmotosportbrownsburg.com\/fr\/#\/schema\/logo\/image\/"}}]}},"_links":{"self":[{"href":"https:\/\/scmotosportbrownsburg.com\/fr\/wp-json\/wp\/v2\/pages\/2509"}],"collection":[{"href":"https:\/\/scmotosportbrownsburg.com\/fr\/wp-json\/wp\/v2\/pages"}],"about":[{"href":"https:\/\/scmotosportbrownsburg.com\/fr\/wp-json\/wp\/v2\/types\/page"}],"author":[{"embeddable":true,"href":"https:\/\/scmotosportbrownsburg.com\/fr\/wp-json\/wp\/v2\/users\/1"}],"replies":[{"embeddable":true,"href":"https:\/\/scmotosportbrownsburg.com\/fr\/wp-json\/wp\/v2\/comments?post=2509"}],"version-history":[{"count":5,"href":"https:\/\/scmotosportbrownsburg.com\/fr\/wp-json\/wp\/v2\/pages\/2509\/revisions"}],"predecessor-version":[{"id":2893,"href":"https:\/\/scmotosportbrownsburg.com\/fr\/wp-json\/wp\/v2\/pages\/2509\/revisions\/2893"}],"wp:attachment":[{"href":"https:\/\/scmotosportbrownsburg.com\/fr\/wp-json\/wp\/v2\/media?parent=2509"}],"curies":[{"name":"wp","href":"https:\/\/api.w.org\/{rel}","templated":true}]}}